{"id":9356,"date":"2025-09-01T13:49:29","date_gmt":"2025-09-01T13:49:29","guid":{"rendered":"https:\/\/www.pesina.com.tr\/haqida-2\/"},"modified":"2025-09-17T09:07:45","modified_gmt":"2025-09-17T09:07:45","slug":"haqida-2","status":"publish","type":"page","link":"https:\/\/www.pesina.com.tr\/uz\/haqida-2\/","title":{"rendered":"Haqida"},"content":{"rendered":"\t\t<div data-elementor-type=\"wp-page\" data-elementor-id=\"9356\" class=\"elementor elementor-9356 elementor-9319\">\n\t\t\t\t\t\t<section class=\"elementor-section elementor-top-section elementor-element elementor-element-6e71310 elementor-section-boxed elementor-section-height-default elementor-section-height-default\" data-id=\"6e71310\" data-element_type=\"section\" data-e-type=\"section\">\n\t\t\t\t\t\t<div class=\"elementor-container elementor-column-gap-default\">\n\t\t\t\t\t<div class=\"elementor-column elementor-col-100 elementor-top-column elementor-element elementor-element-281f8c7\" data-id=\"281f8c7\" data-element_type=\"column\" data-e-type=\"column\">\n\t\t\t<div class=\"elementor-widget-wrap elementor-element-populated\">\n\t\t\t\t\t\t<div class=\"elementor-element elementor-element-4354b02 elementor-widget elementor-widget-html\" data-id=\"4354b02\" data-element_type=\"widget\" data-e-type=\"widget\" data-widget_type=\"html.default\">\n\t\t\t\t<div class=\"elementor-widget-container\">\n\t\t\t\t\t<section style=\"max-width:950px;margin:0 auto;line-height:1.6;font-family:system-ui,-apple-system,Segoe UI,Roboto,Arial,sans-serif;color:#1a1a1a;padding:8px 0;\">\r\n  <h1 style=\"margin:.2rem 0 1rem;font-size:clamp(28px,3.5vw,38px);\">Biz haqimizda<\/h1>\r\n  <p><strong>Pesina<\/strong> Turkiyada joylashgan yuqori sifatli qurilish bezaklari va qurilish materiallari eksportchisi hisoblanadi. Bizning ta'sischilarimiz qurilish ekotizimida qariyb 20 yillik tajribaga ega bo'lgan qurilish muhandisligi bitiruvchilari. Biz Pesina kompaniyasini ishonchli turk sotuvchi kompaniyasini tezkor, professional eksport xizmati bilan birlashtirish uchun yaratdik - kerakli sifatni to'g'ri narxda yetkazib beramiz.  <\/p>\r\n\r\n  <h3 style=\"margin:1.2rem 0 .6rem;\">Nega \"Pesina\"?<\/h3>\r\n  <p>Bizning brend nomimiz bugungi Eskishehir hududida joylashgan qadimgi savdo markazi <strong>Pessinusdan<\/strong> ilhomlangan. Bu shahar bir vaqtlar savdo yo'llarini bog'laganidek, Pesina ishonchli turk ishlab chiqaruvchilarini global xaridorlar bilan bog'laydi. <\/p>\r\n\r\n  <h3 style=\"margin:1.2rem 0 .6rem;\">Biz nima qilamiz<\/h3>\r\n  <ul style=\"padding-left:18px;margin:0;\">\r\n    <li><em>Chinni plitkalar, sanitariya-texnik vositalar, zanglamaydigan po'latdan yasalgan drenajlar, LED yoritgichlar, sendvich panellar, prefabrik kabinalar, liftlar va liftlar<\/em> va boshqalarni ulgurji yetkazib berish.<\/li>\r\n    <li>Buyurtmalar ro'yxatiga moslashtirilgan <strong>aralash konteynerlar<\/strong> va konsolidatsiyalangan yuklar.<\/li>\r\n    <li><strong>Yuk tashishdan oldin QC<\/strong> , eksport hujjatlari va <strong>CIF\/DDU<\/strong> yetkazib berishni qo'llab-quvvatlash.<\/li>\r\n  <\/ul>\r\n\r\n  <h3 style=\"margin:1.2rem 0 .6rem;\">Missiya va asosiy qadriyatlar<\/h3>\r\n  <ul style=\"padding-left:18px;margin:0;\">\r\n    <li><strong>Halollik:<\/strong> Biz so'zimizni bajaramiz va hamkorlarimiz manfaatlarini himoya qilamiz.<\/li>\r\n    <li><strong>Turli xillik:<\/strong> tillar, madaniyatlar va mintaqalarda qulay.<\/li>\r\n    <li><strong>Majburiyat:<\/strong> o'z vaqtida javoblar, o'ziga xos mahsulotlar, izchil xizmat.<\/li>\r\n    <li><strong>Innovatsiyalar:<\/strong> loyihalarga qiymat qo'shadigan yangi g'oyalar va mahsulot variantlari.<\/li>\r\n    <li><strong>Xavfsizlik:<\/strong> Xavfsiz ish sharoitlari va mos keladigan logistika.<\/li>\r\n    <li><strong>Uzluksiz o'rganish:<\/strong> har bir mijoz haqida qisqacha ma'lumot yaxshilash uchun imkoniyatdir.<\/li>\r\n  <\/ul>\r\n\r\n  <h3 style=\"margin:1.2rem 0 .6rem;\">Qayerga jo'natamiz<\/h3>\r\n  <p>Biz <strong>Yevropa, Yaqin Sharq, Afrika va Amerikadagi<\/strong> importchilar, ulgurji sotuvchilar va pudratchilarga xizmat qilamiz. Xususiyatlar va miqdorlaringizni baham ko'ring; biz tez kotirovka va qadoqlash rejasini tayyorlaymiz. <\/p>\r\n\r\n  <div style=\"margin-top:14px;display:flex;gap:10px;flex-wrap:wrap;\">\r\n     <a href=\"https:\/\/www.pesina.com.tr\/uz\/aloqa\/?utm_source=about&utm_medium=button&utm_campaign=contact_primary\" style=\"background:#382b95;color:#fff;padding:12px 18px;border-radius:8px; font-weight:700;text-decoration:none;\">\r\nBiz bilan bog'lanish\r\n<\/a>\r\n\r\n\r\n <a href=\"https:\/\/wa.me\/902169697399\" target=\"_blank\" rel=\"noopener\" style=\"background:#25D366;color:#fff;padding:12px 18px;border-radius:8px;font-weight:700;text-decoration:none;\">WhatsApp<\/a>\r\n  <\/div>\r\n<\/section>\r\n\r\n<!-- (\u0130ste\u011fe ba\u011fl\u0131) Organization JSON-LD -->\r\n<script type=\"application\/ld+json\">\r\n{\r\n  \"@context\":\"https:\/\/schema.org\",\r\n  \"@type\":\"Organization\",\r\n  \"name\":\"Pesina\",\r\n  \"url\":\"https:\/\/www.pesina.com.tr\",\r\n  \"logo\":\"https:\/\/www.pesina.com.tr\/wp-content\/uploads\/2025\/07\/pesina_squared_logo-1.jpg\",\r\n  \"sameAs\":[\"https:\/\/www.linkedin.com\/company\/pesina\/\"],\r\n  \"description\":\"Turkey-based exporter of building finishes and construction materials.\"\r\n}\r\n<\/script>\r\n\t\t\t\t<\/div>\n\t\t\t\t<\/div>\n\t\t\t\t\t<\/div>\n\t\t<\/div>\n\t\t\t\t\t<\/div>\n\t\t<\/section>\n\t\t\t\t<section class=\"elementor-section elementor-top-section elementor-element elementor-element-2ef127c elementor-section-boxed elementor-section-height-default elementor-section-height-default\" data-id=\"2ef127c\" data-element_type=\"section\" data-e-type=\"section\">\n\t\t\t\t\t\t<div class=\"elementor-container elementor-column-gap-default\">\n\t\t\t\t\t<div class=\"elementor-column elementor-col-50 elementor-top-column elementor-element elementor-element-08e12f8\" data-id=\"08e12f8\" data-element_type=\"column\" data-e-type=\"column\">\n\t\t\t<div class=\"elementor-widget-wrap elementor-element-populated\">\n\t\t\t\t\t\t<div class=\"elementor-element elementor-element-61b4346 elementor-widget elementor-widget-image\" data-id=\"61b4346\" data-element_type=\"widget\" data-e-type=\"widget\" data-widget_type=\"image.default\">\n\t\t\t\t<div class=\"elementor-widget-container\">\n\t\t\t\t\t\t\t\t\t\t\t\t\t\t\t<img alt=\"\" fetchpriority=\"high\" decoding=\"async\" width=\"600\" height=\"750\" src=\"https:\/\/cdn.pesina.com.tr\/wp-content\/uploads\/2021\/10\/container_shipto_horizons-1-600x750-e1756733392218.jpg\" class=\"attachment-large size-large wp-image-5225\" alt=\"\" \/>\t\t\t\t\t\t\t\t\t\t\t\t\t\t\t<\/div>\n\t\t\t\t<\/div>\n\t\t\t\t\t<\/div>\n\t\t<\/div>\n\t\t\t\t<div class=\"elementor-column elementor-col-50 elementor-top-column elementor-element elementor-element-e2a1cc7\" data-id=\"e2a1cc7\" data-element_type=\"column\" data-e-type=\"column\">\n\t\t\t<div class=\"elementor-widget-wrap elementor-element-populated\">\n\t\t\t\t\t\t<div class=\"elementor-element elementor-element-8275771 elementor-widget elementor-widget-image\" data-id=\"8275771\" data-element_type=\"widget\" data-e-type=\"widget\" data-widget_type=\"image.default\">\n\t\t\t\t<div class=\"elementor-widget-container\">\n\t\t\t\t\t\t\t\t\t\t\t\t\t\t\t<img decoding=\"async\" width=\"684\" height=\"600\" src=\"https:\/\/cdn.pesina.com.tr\/wp-content\/uploads\/2024\/08\/steel_stud_frames-e1756733500319.webp\" class=\"attachment-large size-large wp-image-7111\" alt=\"image of steel stud frames installed for building a steel framed house\" \/>\t\t\t\t\t\t\t\t\t\t\t\t\t\t\t<\/div>\n\t\t\t\t<\/div>\n\t\t\t\t\t<\/div>\n\t\t<\/div>\n\t\t\t\t\t<\/div>\n\t\t<\/section>\n\t\t\t\t<\/div>\n\t\t","protected":false},"excerpt":{"rendered":"<p>Biz haqimizda Pesina Turkiyada joylashgan yuqori sifatli qurilish bezaklari va qurilish materiallari eksportchisi hisoblanadi. Bizning ta&#8217;sischilarimiz qurilish ekotizimida qariyb 20 yillik tajribaga ega bo&#8217;lgan qurilish muhandisligi bitiruvchilari. Biz Pesina kompaniyasini ishonchli turk sotuvchi kompaniyasini tezkor, professional eksport xizmati bilan birlashtirish uchun yaratdik &#8211; kerakli sifatni to&#8217;g&#8217;ri narxda yetkazib beramiz. Nega &laquo;Pesina&raquo;? Bizning brend nomimiz bugungi&#8230;<\/p>\n","protected":false},"author":1,"featured_media":0,"parent":0,"menu_order":0,"comment_status":"closed","ping_status":"closed","template":"","meta":{"_seopress_robots_primary_cat":"","_seopress_titles_title":"","_seopress_titles_desc":"","_seopress_robots_index":"","_kad_post_transparent":"","_kad_post_title":"","_kad_post_layout":"","_kad_post_sidebar_id":"","_kad_post_content_style":"","_kad_post_vertical_padding":"","_kad_post_feature":"","_kad_post_feature_position":"","_kad_post_header":false,"_kad_post_footer":false,"_kad_post_classname":"","footnotes":""},"class_list":["post-9356","page","type-page","status-publish","hentry"],"_links":{"self":[{"href":"https:\/\/www.pesina.com.tr\/uz\/wp-json\/wp\/v2\/pages\/9356","targetHints":{"allow":["GET"]}}],"collection":[{"href":"https:\/\/www.pesina.com.tr\/uz\/wp-json\/wp\/v2\/pages"}],"about":[{"href":"https:\/\/www.pesina.com.tr\/uz\/wp-json\/wp\/v2\/types\/page"}],"author":[{"embeddable":true,"href":"https:\/\/www.pesina.com.tr\/uz\/wp-json\/wp\/v2\/users\/1"}],"replies":[{"embeddable":true,"href":"https:\/\/www.pesina.com.tr\/uz\/wp-json\/wp\/v2\/comments?post=9356"}],"version-history":[{"count":3,"href":"https:\/\/www.pesina.com.tr\/uz\/wp-json\/wp\/v2\/pages\/9356\/revisions"}],"predecessor-version":[{"id":10058,"href":"https:\/\/www.pesina.com.tr\/uz\/wp-json\/wp\/v2\/pages\/9356\/revisions\/10058"}],"wp:attachment":[{"href":"https:\/\/www.pesina.com.tr\/uz\/wp-json\/wp\/v2\/media?parent=9356"}],"curies":[{"name":"wp","href":"https:\/\/api.w.org\/{rel}","templated":true}]}}