{"id":9348,"date":"2025-09-01T13:47:50","date_gmt":"2025-09-01T13:47:50","guid":{"rendered":"https:\/\/www.pesina.com.tr\/%d0%be%d0%ba%d0%be%d0%bb%d0%be\/"},"modified":"2025-09-17T09:07:45","modified_gmt":"2025-09-17T09:07:45","slug":"%d0%be%d0%ba%d0%be%d0%bb%d0%be","status":"publish","type":"page","link":"https:\/\/www.pesina.com.tr\/ru\/%d0%be%d0%ba%d0%be%d0%bb%d0%be\/","title":{"rendered":"\u041e\u043a\u043e\u043b\u043e"},"content":{"rendered":"\t\t<div data-elementor-type=\"wp-page\" data-elementor-id=\"9348\" class=\"elementor elementor-9348 elementor-9319\">\n\t\t\t\t\t\t<section class=\"elementor-section elementor-top-section elementor-element elementor-element-6e71310 elementor-section-boxed elementor-section-height-default elementor-section-height-default\" data-id=\"6e71310\" data-element_type=\"section\" data-e-type=\"section\">\n\t\t\t\t\t\t<div class=\"elementor-container elementor-column-gap-default\">\n\t\t\t\t\t<div class=\"elementor-column elementor-col-100 elementor-top-column elementor-element elementor-element-281f8c7\" data-id=\"281f8c7\" data-element_type=\"column\" data-e-type=\"column\">\n\t\t\t<div class=\"elementor-widget-wrap elementor-element-populated\">\n\t\t\t\t\t\t<div class=\"elementor-element elementor-element-4354b02 elementor-widget elementor-widget-html\" data-id=\"4354b02\" data-element_type=\"widget\" data-e-type=\"widget\" data-widget_type=\"html.default\">\n\t\t\t\t<div class=\"elementor-widget-container\">\n\t\t\t\t\t<section style=\"max-width:950px;margin:0 auto;line-height:1.6;font-family:system-ui,-apple-system,Segoe UI,Roboto,Arial,sans-serif;color:#1a1a1a;padding:8px 0;\">\r\n  <h1 style=\"margin:.2rem 0 1rem;font-size:clamp(28px,3.5vw,38px);\">\u041e \u043d\u0430\u0441<\/h1>\r\n  <p><strong>Pesina<\/strong> \u044f\u0432\u043b\u044f\u0435\u0442\u0441\u044f \u0442\u0443\u0440\u0435\u0446\u043a\u0438\u043c \u044d\u043a\u0441\u043f\u043e\u0440\u0442\u0435\u0440\u043e\u043c \u0432\u044b\u0441\u043e\u043a\u043e\u043a\u0430\u0447\u0435\u0441\u0442\u0432\u0435\u043d\u043d\u043e\u0439 \u0441\u0442\u0440\u043e\u0438\u0442\u0435\u043b\u044c\u043d\u043e\u0439 \u043e\u0442\u0434\u0435\u043b\u043a\u0438 \u0438 \u0441\u0442\u0440\u043e\u0438\u0442\u0435\u043b\u044c\u043d\u044b\u0445 \u043c\u0430\u0442\u0435\u0440\u0438\u0430\u043b\u043e\u0432. \u041d\u0430\u0448\u0438 \u043e\u0441\u043d\u043e\u0432\u0430\u0442\u0435\u043b\u0438 \u2014 \u0432\u044b\u043f\u0443\u0441\u043a\u043d\u0438\u043a\u0438 \u0438\u043d\u0436\u0435\u043d\u0435\u0440\u043d\u043e-\u0441\u0442\u0440\u043e\u0438\u0442\u0435\u043b\u044c\u043d\u044b\u0445 \u0441\u043f\u0435\u0446\u0438\u0430\u043b\u044c\u043d\u043e\u0441\u0442\u0435\u0439 \u0441 \u043f\u043e\u0447\u0442\u0438 20-\u043b\u0435\u0442\u043d\u0438\u043c \u043e\u043f\u044b\u0442\u043e\u043c \u0440\u0430\u0431\u043e\u0442\u044b \u0432 \u0441\u0442\u0440\u043e\u0438\u0442\u0435\u043b\u044c\u043d\u043e\u0439 \u044d\u043a\u043e\u0441\u0438\u0441\u0442\u0435\u043c\u0435. \u041c\u044b \u0441\u043e\u0437\u0434\u0430\u043b\u0438 Pesina, \u0447\u0442\u043e\u0431\u044b \u043e\u0431\u044a\u0435\u0434\u0438\u043d\u0438\u0442\u044c \u043d\u0430\u0434\u0435\u0436\u043d\u0443\u044e \u0442\u0443\u0440\u0435\u0446\u043a\u0443\u044e \u043a\u043e\u043c\u043f\u0430\u043d\u0438\u044e \u043f\u043e \u0441\u043d\u0430\u0431\u0436\u0435\u043d\u0438\u044e \u0441 \u0431\u044b\u0441\u0442\u0440\u044b\u043c\u0438, \u043f\u0440\u043e\u0444\u0435\u0441\u0441\u0438\u043e\u043d\u0430\u043b\u044c\u043d\u044b\u043c\u0438 \u044d\u043a\u0441\u043f\u043e\u0440\u0442\u043d\u044b\u043c\u0438 \u0443\u0441\u043b\u0443\u0433\u0430\u043c\u0438, \u043e\u0431\u0435\u0441\u043f\u0435\u0447\u0438\u0432\u0430\u044f \u043d\u0443\u0436\u043d\u043e\u0435 \u043a\u0430\u0447\u0435\u0441\u0442\u0432\u043e \u043f\u043e \u043f\u0440\u0430\u0432\u0438\u043b\u044c\u043d\u043e\u0439 \u0446\u0435\u043d\u0435.  <\/p>\r\n\r\n  <h3 style=\"margin:1.2rem 0 .6rem;\">\u041f\u043e\u0447\u0435\u043c\u0443 \u00ab\u041f\u0435\u0441\u0438\u043d\u0430\u00bb?<\/h3>\r\n  <p>\u041d\u0430\u0437\u0432\u0430\u043d\u0438\u0435 \u043d\u0430\u0448\u0435\u0433\u043e \u0431\u0440\u0435\u043d\u0434\u0430 \u0432\u0434\u043e\u0445\u043d\u043e\u0432\u043b\u0435\u043d\u043e <strong>\u041f\u0435\u0441\u0441\u0438\u043d\u0443\u0441\u043e\u043c<\/strong>, \u0434\u0440\u0435\u0432\u043d\u0438\u043c \u0442\u043e\u0440\u0433\u043e\u0432\u044b\u043c \u0446\u0435\u043d\u0442\u0440\u043e\u043c, \u0440\u0430\u0441\u043f\u043e\u043b\u043e\u0436\u0435\u043d\u043d\u044b\u043c \u0432 \u0441\u0435\u0433\u043e\u0434\u043d\u044f\u0448\u043d\u0435\u043c \u0440\u0435\u0433\u0438\u043e\u043d\u0435 \u042d\u0441\u043a\u0438\u0448\u0435\u0445\u0438\u0440. \u041f\u043e\u0441\u043a\u043e\u043b\u044c\u043a\u0443 \u044d\u0442\u043e\u0442 \u0433\u043e\u0440\u043e\u0434 \u043a\u043e\u0433\u0434\u0430-\u0442\u043e \u0441\u043e\u0435\u0434\u0438\u043d\u044f\u043b \u0442\u043e\u0440\u0433\u043e\u0432\u044b\u0435 \u043f\u0443\u0442\u0438, \u041f\u0435\u0441\u0438\u043d\u0430 \u0441\u043e\u0435\u0434\u0438\u043d\u044f\u0435\u0442 \u043d\u0430\u0434\u0435\u0436\u043d\u044b\u0445 \u0442\u0443\u0440\u0435\u0446\u043a\u0438\u0445 \u043f\u0440\u043e\u0438\u0437\u0432\u043e\u0434\u0438\u0442\u0435\u043b\u0435\u0439 \u0441 \u0433\u043b\u043e\u0431\u0430\u043b\u044c\u043d\u044b\u043c\u0438 \u043f\u043e\u043a\u0443\u043f\u0430\u0442\u0435\u043b\u044f\u043c\u0438. <\/p>\r\n\r\n  <h3 style=\"margin:1.2rem 0 .6rem;\">\u0427\u0442\u043e \u043c\u044b \u0434\u0435\u043b\u0430\u0435\u043c<\/h3>\r\n  <ul style=\"padding-left:18px;margin:0;\">\r\n    <li>\u041e\u043f\u0442\u043e\u0432\u044b\u0435 \u043f\u043e\u0441\u0442\u0430\u0432\u043a\u0438 <em>\u043a\u0435\u0440\u0430\u043c\u043e\u0433\u0440\u0430\u043d\u0438\u0442\u0430, \u0441\u0430\u043d\u0442\u0435\u0445\u043d\u0438\u043a\u0438, \u0432\u043e\u0434\u043e\u0441\u0442\u043e\u043a\u043e\u0432 \u0438\u0437 \u043d\u0435\u0440\u0436\u0430\u0432\u0435\u044e\u0449\u0435\u0439 \u0441\u0442\u0430\u043b\u0438, \u0441\u0432\u0435\u0442\u043e\u0434\u0438\u043e\u0434\u043d\u043e\u0433\u043e \u043e\u0441\u0432\u0435\u0449\u0435\u043d\u0438\u044f, \u0441\u044d\u043d\u0434\u0432\u0438\u0447-\u043f\u0430\u043d\u0435\u043b\u0435\u0439, \u0441\u0431\u043e\u0440\u043d\u044b\u0445 \u043a\u0430\u0431\u0438\u043d, \u043b\u0438\u0444\u0442\u043e\u0432 \u0438 \u043f\u043e\u0434\u044a\u0435\u043c\u043d\u0438\u043a\u043e\u0432<\/em> \u0438 \u043c\u043d\u043e\u0433\u043e\u0433\u043e \u0434\u0440\u0443\u0433\u043e\u0433\u043e.<\/li>\r\n    <li><strong>\u0421\u0431\u043e\u0440\u043d\u044b\u0435 \u043a\u043e\u043d\u0442\u0435\u0439\u043d\u0435\u0440\u044b<\/strong> \u0438 \u0441\u0431\u043e\u0440\u043d\u044b\u0435 \u0433\u0440\u0443\u0437\u044b \u0432 \u0441\u043e\u043e\u0442\u0432\u0435\u0442\u0441\u0442\u0432\u0438\u0438 \u0441 \u0432\u0430\u0448\u0438\u043c \u0441\u043f\u0438\u0441\u043a\u043e\u043c \u0437\u0430\u043a\u0430\u0437\u043e\u0432.<\/li>\r\n    <li><strong>\u041a\u043e\u043d\u0442\u0440\u043e\u043b\u044c \u043a\u0430\u0447\u0435\u0441\u0442\u0432\u0430 \u043f\u0435\u0440\u0435\u0434 \u043e\u0442\u043f\u0440\u0430\u0432\u043a\u043e\u0439<\/strong>, \u043e\u0444\u043e\u0440\u043c\u043b\u0435\u043d\u0438\u0435 \u044d\u043a\u0441\u043f\u043e\u0440\u0442\u043d\u044b\u0445 \u0434\u043e\u043a\u0443\u043c\u0435\u043d\u0442\u043e\u0432 \u0438 \u043f\u043e\u0434\u0434\u0435\u0440\u0436\u043a\u0430 \u0434\u043e\u0441\u0442\u0430\u0432\u043a\u0438 <strong>CIF\/DDU<\/strong> .<\/li>\r\n  <\/ul>\r\n\r\n  <h3 style=\"margin:1.2rem 0 .6rem;\">\u041c\u0438\u0441\u0441\u0438\u044f \u0438 \u043e\u0441\u043d\u043e\u0432\u043d\u044b\u0435 \u0446\u0435\u043d\u043d\u043e\u0441\u0442\u0438<\/h3>\r\n  <ul style=\"padding-left:18px;margin:0;\">\r\n    <li><strong>\u0426\u0435\u043b\u043e\u0441\u0442\u043d\u043e\u0441\u0442\u044c:<\/strong> \u041c\u044b \u0434\u0435\u0440\u0436\u0438\u043c \u0441\u0432\u043e\u0435 \u0441\u043b\u043e\u0432\u043e \u0438 \u0437\u0430\u0449\u0438\u0449\u0430\u0435\u043c \u0438\u043d\u0442\u0435\u0440\u0435\u0441\u044b \u043d\u0430\u0448\u0438\u0445 \u043f\u0430\u0440\u0442\u043d\u0435\u0440\u043e\u0432.<\/li>\r\n    <li><strong>\u0420\u0430\u0437\u043d\u043e\u043e\u0431\u0440\u0430\u0437\u0438\u0435:<\/strong> \u041a\u043e\u043c\u0444\u043e\u0440\u0442\u043d\u043e \u0434\u043b\u044f \u0432\u0441\u0435\u0445 \u044f\u0437\u044b\u043a\u043e\u0432, \u043a\u0443\u043b\u044c\u0442\u0443\u0440 \u0438 \u0440\u0435\u0433\u0438\u043e\u043d\u043e\u0432.<\/li>\r\n    <li><strong>\u041e\u0431\u044f\u0437\u0430\u0442\u0435\u043b\u044c\u0441\u0442\u0432\u043e:<\/strong> \u0421\u0432\u043e\u0435\u0432\u0440\u0435\u043c\u0435\u043d\u043d\u044b\u0435 \u043e\u0442\u0432\u0435\u0442\u044b, \u043f\u0440\u043e\u0434\u0443\u043a\u0442\u044b \u0432 \u0441\u043e\u043e\u0442\u0432\u0435\u0442\u0441\u0442\u0432\u0438\u0438 \u0441\u043e \u0441\u043f\u0435\u0446\u0438\u0444\u0438\u043a\u0430\u0446\u0438\u044f\u043c\u0438, \u0441\u0442\u0430\u0431\u0438\u043b\u044c\u043d\u043e\u0435 \u043e\u0431\u0441\u043b\u0443\u0436\u0438\u0432\u0430\u043d\u0438\u0435.<\/li>\r\n    <li><strong>\u041d\u043e\u0432\u043e\u0432\u0432\u0435\u0434\u0435\u043d\u0438\u0435:<\/strong> \u041d\u043e\u0432\u044b\u0435 \u0438\u0434\u0435\u0438 \u0438 \u0432\u0430\u0440\u0438\u0430\u043d\u0442\u044b \u043f\u0440\u043e\u0434\u0443\u043a\u0442\u043e\u0432, \u043f\u043e\u0432\u044b\u0448\u0430\u044e\u0449\u0438\u0435 \u0446\u0435\u043d\u043d\u043e\u0441\u0442\u044c \u043f\u0440\u043e\u0435\u043a\u0442\u043e\u0432.<\/li>\r\n    <li><strong>\u0411\u0435\u0437\u043e\u043f\u0430\u0441\u043d\u043e\u0441\u0442\u044c:<\/strong> \u0411\u0435\u0437\u043e\u043f\u0430\u0441\u043d\u044b\u0435 \u0443\u0441\u043b\u043e\u0432\u0438\u044f \u0442\u0440\u0443\u0434\u0430 \u0438 \u0441\u043e\u043e\u0442\u0432\u0435\u0442\u0441\u0442\u0432\u0443\u044e\u0449\u0430\u044f \u043b\u043e\u0433\u0438\u0441\u0442\u0438\u043a\u0430.<\/li>\r\n    <li><strong>\u041d\u0435\u043f\u0440\u0435\u0440\u044b\u0432\u043d\u043e\u0435 \u043e\u0431\u0443\u0447\u0435\u043d\u0438\u0435:<\/strong> \u041a\u0430\u0436\u0434\u044b\u0439 \u0431\u0440\u0438\u0444 \u0434\u043b\u044f \u043a\u043b\u0438\u0435\u043d\u0442\u0430 \u2013 \u044d\u0442\u043e \u0432\u043e\u0437\u043c\u043e\u0436\u043d\u043e\u0441\u0442\u044c \u0441\u0442\u0430\u0442\u044c \u043b\u0443\u0447\u0448\u0435.<\/li>\r\n  <\/ul>\r\n\r\n  <h3 style=\"margin:1.2rem 0 .6rem;\">\u041a\u0443\u0434\u0430 \u043c\u044b \u043e\u0442\u043f\u0440\u0430\u0432\u043b\u044f\u0435\u043c<\/h3>\r\n  <p>\u041c\u044b \u043e\u0431\u0441\u043b\u0443\u0436\u0438\u0432\u0430\u0435\u043c \u0438\u043c\u043f\u043e\u0440\u0442\u0435\u0440\u043e\u0432, \u043e\u043f\u0442\u043e\u0432\u0438\u043a\u043e\u0432 \u0438 \u043f\u043e\u0434\u0440\u044f\u0434\u0447\u0438\u043a\u043e\u0432 \u0432 <strong>\u0415\u0432\u0440\u043e\u043f\u0435, \u043d\u0430 \u0411\u043b\u0438\u0436\u043d\u0435\u043c \u0412\u043e\u0441\u0442\u043e\u043a\u0435, \u0432 \u0410\u0444\u0440\u0438\u043a\u0435 \u0438 \u0421\u0435\u0432\u0435\u0440\u043d\u043e\u0439 \u0438 \u042e\u0436\u043d\u043e\u0439 \u0410\u043c\u0435\u0440\u0438\u043a\u0435<\/strong>. \u041f\u043e\u0434\u0435\u043b\u0438\u0442\u0435\u0441\u044c \u0441\u0432\u043e\u0438\u043c\u0438 \u0441\u043f\u0435\u0446\u0438\u0444\u0438\u043a\u0430\u0446\u0438\u044f\u043c\u0438 \u0438 \u043a\u043e\u043b\u0438\u0447\u0435\u0441\u0442\u0432\u043e\u043c; \u041c\u044b \u043f\u043e\u0434\u0433\u043e\u0442\u043e\u0432\u0438\u043c \u0431\u044b\u0441\u0442\u0440\u043e\u0435 \u043f\u0440\u0435\u0434\u043b\u043e\u0436\u0435\u043d\u0438\u0435 \u0438 \u043f\u043b\u0430\u043d \u0443\u043f\u0430\u043a\u043e\u0432\u043a\u0438. <\/p>\r\n\r\n  <div style=\"margin-top:14px;display:flex;gap:10px;flex-wrap:wrap;\">\r\n     <a href=\"https:\/\/www.pesina.com.tr\/ru\/kontakt\/?utm_source=about&utm_medium=button&utm_campaign=contact_primary\" style=\"background:#382b95;color:#fff;padding:12px 18px;border-radius:8px; font-weight:700;text-decoration:none;\">\r\n \u0421\u0432\u044f\u0436\u0438\u0442\u0435\u0441\u044c \u0441 \u043d\u0430\u043c\u0438 WhatsApp\r\n<\/a>\r\n<a href=\"https:\/\/wa.me\/902169697399\" target=\"_blank\" rel=\"noopener\" style=\"background:#25D366;color:#fff;padding:12px 18px;border-radius:8px;font-weight:700;text-decoration:none;\">\r\n\r\n    <\/a>\r\n  <\/div>\r\n<\/section>\r\n\r\n<!-- (\u0130ste\u011fe ba\u011fl\u0131) Organization JSON-LD -->\r\n<script type=\"application\/ld+json\">\r\n{\r\n  \"@context\":\"https:\/\/schema.org\",\r\n  \"@type\":\"Organization\",\r\n  \"name\":\"Pesina\",\r\n  \"url\":\"https:\/\/www.pesina.com.tr\",\r\n  \"logo\":\"https:\/\/www.pesina.com.tr\/wp-content\/uploads\/2025\/07\/pesina_squared_logo-1.jpg\",\r\n  \"sameAs\":[\"https:\/\/www.linkedin.com\/company\/pesina\/\"],\r\n  \"description\":\"Turkey-based exporter of building finishes and construction materials.\"\r\n}\r\n<\/script>\r\n\t\t\t\t<\/div>\n\t\t\t\t<\/div>\n\t\t\t\t\t<\/div>\n\t\t<\/div>\n\t\t\t\t\t<\/div>\n\t\t<\/section>\n\t\t\t\t<section class=\"elementor-section elementor-top-section elementor-element elementor-element-2ef127c elementor-section-boxed elementor-section-height-default elementor-section-height-default\" data-id=\"2ef127c\" data-element_type=\"section\" data-e-type=\"section\">\n\t\t\t\t\t\t<div class=\"elementor-container elementor-column-gap-default\">\n\t\t\t\t\t<div class=\"elementor-column elementor-col-50 elementor-top-column elementor-element elementor-element-08e12f8\" data-id=\"08e12f8\" data-element_type=\"column\" data-e-type=\"column\">\n\t\t\t<div class=\"elementor-widget-wrap elementor-element-populated\">\n\t\t\t\t\t\t<div class=\"elementor-element elementor-element-61b4346 elementor-widget elementor-widget-image\" data-id=\"61b4346\" data-element_type=\"widget\" data-e-type=\"widget\" data-widget_type=\"image.default\">\n\t\t\t\t<div class=\"elementor-widget-container\">\n\t\t\t\t\t\t\t\t\t\t\t\t\t\t\t<img alt=\"\" fetchpriority=\"high\" decoding=\"async\" width=\"600\" height=\"750\" src=\"https:\/\/cdn.pesina.com.tr\/wp-content\/uploads\/2021\/10\/container_shipto_horizons-1-600x750-e1756733392218.jpg\" class=\"attachment-large size-large wp-image-3752\" alt=\"\" \/>\t\t\t\t\t\t\t\t\t\t\t\t\t\t\t<\/div>\n\t\t\t\t<\/div>\n\t\t\t\t\t<\/div>\n\t\t<\/div>\n\t\t\t\t<div class=\"elementor-column elementor-col-50 elementor-top-column elementor-element elementor-element-e2a1cc7\" data-id=\"e2a1cc7\" data-element_type=\"column\" data-e-type=\"column\">\n\t\t\t<div class=\"elementor-widget-wrap elementor-element-populated\">\n\t\t\t\t\t\t<div class=\"elementor-element elementor-element-8275771 elementor-widget elementor-widget-image\" data-id=\"8275771\" data-element_type=\"widget\" data-e-type=\"widget\" data-widget_type=\"image.default\">\n\t\t\t\t<div class=\"elementor-widget-container\">\n\t\t\t\t\t\t\t\t\t\t\t\t\t\t\t<img decoding=\"async\" width=\"684\" height=\"600\" src=\"https:\/\/cdn.pesina.com.tr\/wp-content\/uploads\/2024\/08\/steel_stud_frames-e1756733500319.webp\" class=\"attachment-large size-large wp-image-7109\" alt=\"image of steel stud frames installed for building a steel framed house\" \/>\t\t\t\t\t\t\t\t\t\t\t\t\t\t\t<\/div>\n\t\t\t\t<\/div>\n\t\t\t\t\t<\/div>\n\t\t<\/div>\n\t\t\t\t\t<\/div>\n\t\t<\/section>\n\t\t\t\t<\/div>\n\t\t","protected":false},"excerpt":{"rendered":"<p>\u041e \u043d\u0430\u0441 Pesina \u044f\u0432\u043b\u044f\u0435\u0442\u0441\u044f \u0442\u0443\u0440\u0435\u0446\u043a\u0438\u043c \u044d\u043a\u0441\u043f\u043e\u0440\u0442\u0435\u0440\u043e\u043c \u0432\u044b\u0441\u043e\u043a\u043e\u043a\u0430\u0447\u0435\u0441\u0442\u0432\u0435\u043d\u043d\u043e\u0439 \u0441\u0442\u0440\u043e\u0438\u0442\u0435\u043b\u044c\u043d\u043e\u0439 \u043e\u0442\u0434\u0435\u043b\u043a\u0438 \u0438 \u0441\u0442\u0440\u043e\u0438\u0442\u0435\u043b\u044c\u043d\u044b\u0445 \u043c\u0430\u0442\u0435\u0440\u0438\u0430\u043b\u043e\u0432. \u041d\u0430\u0448\u0438 \u043e\u0441\u043d\u043e\u0432\u0430\u0442\u0435\u043b\u0438 \u2014 \u0432\u044b\u043f\u0443\u0441\u043a\u043d\u0438\u043a\u0438 \u0438\u043d\u0436\u0435\u043d\u0435\u0440\u043d\u043e-\u0441\u0442\u0440\u043e\u0438\u0442\u0435\u043b\u044c\u043d\u044b\u0445 \u0441\u043f\u0435\u0446\u0438\u0430\u043b\u044c\u043d\u043e\u0441\u0442\u0435\u0439 \u0441 \u043f\u043e\u0447\u0442\u0438 20-\u043b\u0435\u0442\u043d\u0438\u043c \u043e\u043f\u044b\u0442\u043e\u043c \u0440\u0430\u0431\u043e\u0442\u044b \u0432 \u0441\u0442\u0440\u043e\u0438\u0442\u0435\u043b\u044c\u043d\u043e\u0439 \u044d\u043a\u043e\u0441\u0438\u0441\u0442\u0435\u043c\u0435. \u041c\u044b \u0441\u043e\u0437\u0434\u0430\u043b\u0438 Pesina, \u0447\u0442\u043e\u0431\u044b \u043e\u0431\u044a\u0435\u0434\u0438\u043d\u0438\u0442\u044c \u043d\u0430\u0434\u0435\u0436\u043d\u0443\u044e \u0442\u0443\u0440\u0435\u0446\u043a\u0443\u044e \u043a\u043e\u043c\u043f\u0430\u043d\u0438\u044e \u043f\u043e \u0441\u043d\u0430\u0431\u0436\u0435\u043d\u0438\u044e \u0441 \u0431\u044b\u0441\u0442\u0440\u044b\u043c\u0438, \u043f\u0440\u043e\u0444\u0435\u0441\u0441\u0438\u043e\u043d\u0430\u043b\u044c\u043d\u044b\u043c\u0438 \u044d\u043a\u0441\u043f\u043e\u0440\u0442\u043d\u044b\u043c\u0438 \u0443\u0441\u043b\u0443\u0433\u0430\u043c\u0438, \u043e\u0431\u0435\u0441\u043f\u0435\u0447\u0438\u0432\u0430\u044f \u043d\u0443\u0436\u043d\u043e\u0435 \u043a\u0430\u0447\u0435\u0441\u0442\u0432\u043e \u043f\u043e \u043f\u0440\u0430\u0432\u0438\u043b\u044c\u043d\u043e\u0439 \u0446\u0435\u043d\u0435. \u041f\u043e\u0447\u0435\u043c\u0443 \u00ab\u041f\u0435\u0441\u0438\u043d\u0430\u00bb? \u041d\u0430\u0437\u0432\u0430\u043d\u0438\u0435 \u043d\u0430\u0448\u0435\u0433\u043e \u0431\u0440\u0435\u043d\u0434\u0430 \u0432\u0434\u043e\u0445\u043d\u043e\u0432\u043b\u0435\u043d\u043e \u041f\u0435\u0441\u0441\u0438\u043d\u0443\u0441\u043e\u043c, \u0434\u0440\u0435\u0432\u043d\u0438\u043c&#8230;<\/p>\n","protected":false},"author":1,"featured_media":0,"parent":0,"menu_order":0,"comment_status":"closed","ping_status":"closed","template":"","meta":{"_seopress_robots_primary_cat":"","_seopress_titles_title":"","_seopress_titles_desc":"","_seopress_robots_index":"","_kad_post_transparent":"","_kad_post_title":"","_kad_post_layout":"","_kad_post_sidebar_id":"","_kad_post_content_style":"","_kad_post_vertical_padding":"","_kad_post_feature":"","_kad_post_feature_position":"","_kad_post_header":false,"_kad_post_footer":false,"_kad_post_classname":"","footnotes":""},"class_list":["post-9348","page","type-page","status-publish","hentry"],"_links":{"self":[{"href":"https:\/\/www.pesina.com.tr\/ru\/wp-json\/wp\/v2\/pages\/9348","targetHints":{"allow":["GET"]}}],"collection":[{"href":"https:\/\/www.pesina.com.tr\/ru\/wp-json\/wp\/v2\/pages"}],"about":[{"href":"https:\/\/www.pesina.com.tr\/ru\/wp-json\/wp\/v2\/types\/page"}],"author":[{"embeddable":true,"href":"https:\/\/www.pesina.com.tr\/ru\/wp-json\/wp\/v2\/users\/1"}],"replies":[{"embeddable":true,"href":"https:\/\/www.pesina.com.tr\/ru\/wp-json\/wp\/v2\/comments?post=9348"}],"version-history":[{"count":3,"href":"https:\/\/www.pesina.com.tr\/ru\/wp-json\/wp\/v2\/pages\/9348\/revisions"}],"predecessor-version":[{"id":10056,"href":"https:\/\/www.pesina.com.tr\/ru\/wp-json\/wp\/v2\/pages\/9348\/revisions\/10056"}],"wp:attachment":[{"href":"https:\/\/www.pesina.com.tr\/ru\/wp-json\/wp\/v2\/media?parent=9348"}],"curies":[{"name":"wp","href":"https:\/\/api.w.org\/{rel}","templated":true}]}}