{"id":9194,"date":"2025-08-31T19:57:09","date_gmt":"2025-08-31T19:57:09","guid":{"rendered":"https:\/\/www.pesina.com.tr\/rfq-modal\/"},"modified":"2025-09-23T08:52:20","modified_gmt":"2025-09-23T08:52:20","slug":"rfq-modal","status":"publish","type":"page","link":"https:\/\/www.pesina.com.tr\/pt-br\/rfq-modal\/","title":{"rendered":"RFQ Modal"},"content":{"rendered":"\t\t<div data-elementor-type=\"wp-page\" data-elementor-id=\"9194\" class=\"elementor elementor-9194 elementor-9145\">\n\t\t\t\t\t\t<section class=\"elementor-section elementor-top-section elementor-element elementor-element-8d4acdc elementor-section-boxed elementor-section-height-default elementor-section-height-default\" data-id=\"8d4acdc\" data-element_type=\"section\" data-e-type=\"section\">\n\t\t\t\t\t\t<div class=\"elementor-container elementor-column-gap-default\">\n\t\t\t\t\t<div class=\"elementor-column elementor-col-100 elementor-top-column elementor-element elementor-element-b1b0318\" data-id=\"b1b0318\" data-element_type=\"column\" data-e-type=\"column\">\n\t\t\t<div class=\"elementor-widget-wrap elementor-element-populated\">\n\t\t\t\t\t\t<div class=\"elementor-element elementor-element-1761516 elementor-widget elementor-widget-text-editor\" data-id=\"1761516\" data-element_type=\"widget\" data-e-type=\"widget\" data-widget_type=\"text-editor.default\">\n\t\t\t\t<div class=\"elementor-widget-container\">\n\t\t\t\t\t\t\t\t\t<p>Obrigado pelo pedido.<\/p><p>Entraremos em contato com voc\u00ea em breve. Se voc\u00ea acha que precisa adicionar mais algumas observa\u00e7\u00f5es, entre em contato conosco <\/p><p>usando <a href=\"https:\/\/wa.me\/902169697399\">whatsApp<\/a> ou <a href=\"mailto:pesina@pesina.com.tr\">e-mail pesina@pesina.com.tr<\/a><\/p>\t\t\t\t\t\t\t\t<\/div>\n\t\t\t\t<\/div>\n\t\t\t\t\t<\/div>\n\t\t<\/div>\n\t\t\t\t\t<\/div>\n\t\t<\/section>\n\t\t\t\t<\/div>\n\t\t","protected":false},"excerpt":{"rendered":"<p>Obrigado pelo pedido. Entraremos em contato com voc\u00ea em breve. Se voc\u00ea acha que precisa adicionar mais algumas observa\u00e7\u00f5es, entre em contato conosco usando whatsApp ou e-mail pesina@pesina.com.tr<\/p>\n","protected":false},"author":1,"featured_media":0,"parent":0,"menu_order":0,"comment_status":"closed","ping_status":"closed","template":"","meta":{"_seopress_robots_primary_cat":"","_seopress_titles_title":"","_seopress_titles_desc":"","_seopress_robots_index":"","_kad_post_transparent":"","_kad_post_title":"","_kad_post_layout":"","_kad_post_sidebar_id":"","_kad_post_content_style":"","_kad_post_vertical_padding":"","_kad_post_feature":"","_kad_post_feature_position":"","_kad_post_header":false,"_kad_post_footer":false,"_kad_post_classname":"","footnotes":""},"class_list":["post-9194","page","type-page","status-publish","hentry"],"_links":{"self":[{"href":"https:\/\/www.pesina.com.tr\/pt-br\/wp-json\/wp\/v2\/pages\/9194","targetHints":{"allow":["GET"]}}],"collection":[{"href":"https:\/\/www.pesina.com.tr\/pt-br\/wp-json\/wp\/v2\/pages"}],"about":[{"href":"https:\/\/www.pesina.com.tr\/pt-br\/wp-json\/wp\/v2\/types\/page"}],"author":[{"embeddable":true,"href":"https:\/\/www.pesina.com.tr\/pt-br\/wp-json\/wp\/v2\/users\/1"}],"replies":[{"embeddable":true,"href":"https:\/\/www.pesina.com.tr\/pt-br\/wp-json\/wp\/v2\/comments?post=9194"}],"version-history":[{"count":3,"href":"https:\/\/www.pesina.com.tr\/pt-br\/wp-json\/wp\/v2\/pages\/9194\/revisions"}],"predecessor-version":[{"id":10181,"href":"https:\/\/www.pesina.com.tr\/pt-br\/wp-json\/wp\/v2\/pages\/9194\/revisions\/10181"}],"wp:attachment":[{"href":"https:\/\/www.pesina.com.tr\/pt-br\/wp-json\/wp\/v2\/media?parent=9194"}],"curies":[{"name":"wp","href":"https:\/\/api.w.org\/{rel}","templated":true}]}}