{"id":8891,"date":"2025-08-26T19:55:59","date_gmt":"2025-08-26T19:55:59","guid":{"rendered":"https:\/\/www.pesina.com.tr\/painel-sanduiche-com-aparencia-de-madeira\/"},"modified":"2025-09-06T10:50:12","modified_gmt":"2025-09-06T10:50:12","slug":"painel-sanduiche-com-aparencia-de-madeira","status":"publish","type":"page","link":"https:\/\/www.pesina.com.tr\/pt-br\/painel-sanduiche-com-aparencia-de-madeira\/","title":{"rendered":"Painel sandu\u00edche com apar\u00eancia de madeira"},"content":{"rendered":"\t\t<div data-elementor-type=\"wp-page\" data-elementor-id=\"8891\" class=\"elementor elementor-8891 elementor-1180\">\n\t\t\t\t\t\t<section class=\"elementor-section elementor-top-section elementor-element elementor-element-27e8c6d1 elementor-section-full_width elementor-section-height-default elementor-section-height-default\" data-id=\"27e8c6d1\" data-element_type=\"section\" data-e-type=\"section\">\n\t\t\t\t\t\t<div class=\"elementor-container elementor-column-gap-default\">\n\t\t\t\t\t<div class=\"elementor-column elementor-col-100 elementor-top-column elementor-element elementor-element-66b5d39d\" data-id=\"66b5d39d\" data-element_type=\"column\" data-e-type=\"column\" data-settings=\"{&quot;background_background&quot;:&quot;classic&quot;}\">\n\t\t\t<div class=\"elementor-widget-wrap elementor-element-populated\">\n\t\t\t\t\t\t<section class=\"elementor-section elementor-inner-section elementor-element elementor-element-68249a45 elementor-section-boxed elementor-section-height-default elementor-section-height-default\" data-id=\"68249a45\" data-element_type=\"section\" data-e-type=\"section\">\n\t\t\t\t\t\t<div class=\"elementor-container elementor-column-gap-default\">\n\t\t\t\t\t<div class=\"elementor-column elementor-col-50 elementor-inner-column elementor-element elementor-element-3b9cd4f7\" data-id=\"3b9cd4f7\" data-element_type=\"column\" data-e-type=\"column\">\n\t\t\t<div class=\"elementor-widget-wrap elementor-element-populated\">\n\t\t\t\t\t\t<div class=\"elementor-element elementor-element-344621d elementor-widget elementor-widget-heading\" data-id=\"344621d\" data-element_type=\"widget\" data-e-type=\"widget\" data-widget_type=\"heading.default\">\n\t\t\t\t<div class=\"elementor-widget-container\">\n\t\t\t\t\t<span class=\"elementor-heading-title elementor-size-default\">Oferecemos novos pain\u00e9is sandu\u00edche com apar\u00eancia diferente<\/span>\t\t\t\t<\/div>\n\t\t\t\t<\/div>\n\t\t\t\t<div class=\"elementor-element elementor-element-55f4cb9 elementor-widget elementor-widget-heading\" data-id=\"55f4cb9\" data-element_type=\"widget\" data-e-type=\"widget\" data-widget_type=\"heading.default\">\n\t\t\t\t<div class=\"elementor-widget-container\">\n\t\t\t\t\t<h1 class=\"elementor-heading-title elementor-size-default\">Painel sandu\u00edche com apar\u00eancia de madeira<\/h1>\t\t\t\t<\/div>\n\t\t\t\t<\/div>\n\t\t\t\t<div class=\"elementor-element elementor-element-488c78df elementor-widget elementor-widget-text-editor\" data-id=\"488c78df\" data-element_type=\"widget\" data-e-type=\"widget\" data-widget_type=\"text-editor.default\">\n\t\t\t\t<div class=\"elementor-widget-container\">\n\t\t\t\t\t\t\t\t\t<p>Pegamos na apar\u00eancia natural e relaxante da madeira e combinamos com a durabilidade do a\u00e7o. PU, PIR ou pain\u00e9is de areia cheios de l\u00e3 de rocha que oferecem beleza e fun\u00e7\u00e3o.<\/p>\t\t\t\t\t\t\t\t<\/div>\n\t\t\t\t<\/div>\n\t\t\t\t\t<\/div>\n\t\t<\/div>\n\t\t\t\t<div class=\"elementor-column elementor-col-50 elementor-inner-column elementor-element elementor-element-5384f09\" data-id=\"5384f09\" data-element_type=\"column\" data-e-type=\"column\">\n\t\t\t<div class=\"elementor-widget-wrap\">\n\t\t\t\t\t\t\t<\/div>\n\t\t<\/div>\n\t\t\t\t\t<\/div>\n\t\t<\/section>\n\t\t\t\t\t<\/div>\n\t\t<\/div>\n\t\t\t\t\t<\/div>\n\t\t<\/section>\n\t\t\t\t<section class=\"elementor-section elementor-top-section elementor-element elementor-element-63b6292b elementor-section-boxed elementor-section-height-default elementor-section-height-default\" data-id=\"63b6292b\" data-element_type=\"section\" data-e-type=\"section\">\n\t\t\t\t\t\t<div class=\"elementor-container elementor-column-gap-default\">\n\t\t\t\t\t<div class=\"elementor-column elementor-col-100 elementor-top-column elementor-element elementor-element-5ec21804\" data-id=\"5ec21804\" data-element_type=\"column\" data-e-type=\"column\">\n\t\t\t<div class=\"elementor-widget-wrap elementor-element-populated\">\n\t\t\t\t\t\t<div class=\"elementor-element elementor-element-5ccf4708 elementor-widget elementor-widget-heading\" data-id=\"5ccf4708\" data-element_type=\"widget\" data-e-type=\"widget\" data-widget_type=\"heading.default\">\n\t\t\t\t<div class=\"elementor-widget-container\">\n\t\t\t\t\t<h2 class=\"elementor-heading-title elementor-size-default\">Pain\u00e9is sandu\u00edche com apar\u00eancia de madeira<\/h2>\t\t\t\t<\/div>\n\t\t\t\t<\/div>\n\t\t\t\t<div class=\"elementor-element elementor-element-29d9043 elementor-widget elementor-widget-text-editor\" data-id=\"29d9043\" data-element_type=\"widget\" data-e-type=\"widget\" data-widget_type=\"text-editor.default\">\n\t\t\t\t<div class=\"elementor-widget-container\">\n\t\t\t\t\t\t\t\t\t<p>Os pain\u00e9is sandu\u00edche com apar\u00eancia de madeira trazem uma apar\u00eancia natural sobre edif\u00edcios industriais, bem como cont\u00eaineres pr\u00e9-fabricados. Al\u00e9m da cor branca, cinza ou azul com v\u00e1rias cores e tons, os pain\u00e9is sandu\u00edche com apar\u00eancia de madeira oferecem um aspecto diferente para a ind\u00fastria de pain\u00e9is de parede e fachadas isoladas.<\/p>\t\t\t\t\t\t\t\t<\/div>\n\t\t\t\t<\/div>\n\t\t\t\t\t<\/div>\n\t\t<\/div>\n\t\t\t\t\t<\/div>\n\t\t<\/section>\n\t\t\t\t<section class=\"elementor-section elementor-top-section elementor-element elementor-element-adf085b elementor-section-boxed elementor-section-height-default elementor-section-height-default\" data-id=\"adf085b\" data-element_type=\"section\" data-e-type=\"section\">\n\t\t\t\t\t\t<div class=\"elementor-container elementor-column-gap-default\">\n\t\t\t\t\t<div class=\"elementor-column elementor-col-50 elementor-top-column elementor-element elementor-element-d7ffb48\" data-id=\"d7ffb48\" data-element_type=\"column\" data-e-type=\"column\">\n\t\t\t<div class=\"elementor-widget-wrap elementor-element-populated\">\n\t\t\t\t\t\t<div class=\"elementor-element elementor-element-c1beba5 elementor-widget elementor-widget-image\" data-id=\"c1beba5\" data-element_type=\"widget\" data-e-type=\"widget\" data-widget_type=\"image.default\">\n\t\t\t\t<div class=\"elementor-widget-container\">\n\t\t\t\t\t\t\t\t\t\t\t\t\t\t\t\t<a href=\"https:\/\/www.pesina.com.tr\/wp-content\/uploads\/2024\/01\/wood_look_panel_pesina.webp\" data-elementor-open-lightbox=\"yes\" data-elementor-lightbox-title=\"wood_look_panel_pesina\" data-elementor-lightbox-description=\"Wood looking Sandwich panel. Textured PU Sandwich Wall panels\" data-e-action-hash=\"#elementor-action%3Aaction%3Dlightbox%26settings%3DeyJpZCI6NjM0NSwidXJsIjoiaHR0cHM6XC9cL2Nkbi5wZXNpbmEuY29tLnRyXC93cC1jb250ZW50XC91cGxvYWRzXC8yMDI0XC8wMVwvd29vZF9sb29rX3BhbmVsX3Blc2luYS53ZWJwIn0%3D\">\n\t\t\t\t\t\t\t<img decoding=\"async\" src=\"https:\/\/cdn.pesina.com.tr\/wp-content\/uploads\/2024\/01\/wood_look_panel_pesina.webp\" title=\"wood_look_panel_pesina\" alt=\"Wood Looking Sandwich Panel\" loading=\"lazy\" \/>\t\t\t\t\t\t\t\t<\/a>\n\t\t\t\t\t\t\t\t\t\t\t\t\t\t\t<\/div>\n\t\t\t\t<\/div>\n\t\t\t\t\t<\/div>\n\t\t<\/div>\n\t\t\t\t<div class=\"elementor-column elementor-col-50 elementor-top-column elementor-element elementor-element-e4ef33f\" data-id=\"e4ef33f\" data-element_type=\"column\" data-e-type=\"column\">\n\t\t\t<div class=\"elementor-widget-wrap elementor-element-populated\">\n\t\t\t\t\t\t<div class=\"elementor-element elementor-element-8a9e299 elementor-widget elementor-widget-image\" data-id=\"8a9e299\" data-element_type=\"widget\" data-e-type=\"widget\" data-widget_type=\"image.default\">\n\t\t\t\t<div class=\"elementor-widget-container\">\n\t\t\t\t\t\t\t\t\t\t\t\t\t\t\t\t<a href=\"https:\/\/www.pesina.com.tr\/wp-content\/uploads\/2024\/01\/stone_look_panel-e1706381382855.jpeg\" data-elementor-open-lightbox=\"yes\" data-elementor-lightbox-title=\"stone_look_panel\" data-elementor-lightbox-description=\"Stone look sandwich panel\" data-e-action-hash=\"#elementor-action%3Aaction%3Dlightbox%26settings%3DeyJpZCI6NjMzOCwidXJsIjoiaHR0cHM6XC9cL2Nkbi5wZXNpbmEuY29tLnRyXC93cC1jb250ZW50XC91cGxvYWRzXC8yMDI0XC8wMVwvc3RvbmVfbG9va19wYW5lbC1lMTcwNjM4MTM4Mjg1NS5qcGVnIn0%3D\">\n\t\t\t\t\t\t\t<img decoding=\"async\" src=\"https:\/\/cdn.pesina.com.tr\/wp-content\/uploads\/2024\/01\/stone_look_panel-e1706381382855.jpeg\" title=\"stone_look_panel\" alt=\"Stone look sandwich panel\" loading=\"lazy\" \/>\t\t\t\t\t\t\t\t<\/a>\n\t\t\t\t\t\t\t\t\t\t\t\t\t\t\t<\/div>\n\t\t\t\t<\/div>\n\t\t\t\t\t<\/div>\n\t\t<\/div>\n\t\t\t\t\t<\/div>\n\t\t<\/section>\n\t\t\t\t<section class=\"elementor-section elementor-top-section elementor-element elementor-element-6e38e4c elementor-section-boxed elementor-section-height-default elementor-section-height-default\" data-id=\"6e38e4c\" data-element_type=\"section\" data-e-type=\"section\">\n\t\t\t\t\t\t<div class=\"elementor-container elementor-column-gap-default\">\n\t\t\t\t\t<div class=\"elementor-column elementor-col-100 elementor-top-column elementor-element elementor-element-83d54d3\" data-id=\"83d54d3\" data-element_type=\"column\" data-e-type=\"column\">\n\t\t\t<div class=\"elementor-widget-wrap elementor-element-populated\">\n\t\t\t\t\t\t<div class=\"elementor-element elementor-element-d734f47 elementor-widget elementor-widget-heading\" data-id=\"d734f47\" data-element_type=\"widget\" data-e-type=\"widget\" data-widget_type=\"heading.default\">\n\t\t\t\t<div class=\"elementor-widget-container\">\n\t\t\t\t\t<h2 class=\"elementor-heading-title elementor-size-default\">Pain\u00e9is sandu\u00edche com apar\u00eancia de pedra<\/h2>\t\t\t\t<\/div>\n\t\t\t\t<\/div>\n\t\t\t\t<div class=\"elementor-element elementor-element-90a0c58 elementor-widget elementor-widget-text-editor\" data-id=\"90a0c58\" data-element_type=\"widget\" data-e-type=\"widget\" data-widget_type=\"text-editor.default\">\n\t\t\t\t<div class=\"elementor-widget-container\">\n\t\t\t\t\t\t\t\t\t<p>Os pain\u00e9is sandu\u00edche com apar\u00eancia de pedra trazem tamb\u00e9m a sensa\u00e7\u00e3o natural de edif\u00edcios de pedra para a sua fachada, combinando com a durabilidade e o isolamento do painel sandu\u00edche. Os pain\u00e9is sandu\u00edche s\u00e3o f\u00e1ceis de instalar. Eles podem ser usados para edif\u00edcios modulares e pr\u00e9-fabricados, cont\u00eaineres vivos, casas de a\u00e7o, etc.<\/p>\t\t\t\t\t\t\t\t<\/div>\n\t\t\t\t<\/div>\n\t\t\t\t\t<\/div>\n\t\t<\/div>\n\t\t\t\t\t<\/div>\n\t\t<\/section>\n\t\t\t\t<section class=\"elementor-section elementor-top-section elementor-element elementor-element-44acc1e elementor-section-boxed elementor-section-height-default elementor-section-height-default\" data-id=\"44acc1e\" data-element_type=\"section\" data-e-type=\"section\">\n\t\t\t\t\t\t<div class=\"elementor-container elementor-column-gap-default\">\n\t\t\t\t\t<div class=\"elementor-column elementor-col-50 elementor-top-column elementor-element elementor-element-3aec8ba\" data-id=\"3aec8ba\" data-element_type=\"column\" data-e-type=\"column\">\n\t\t\t<div class=\"elementor-widget-wrap elementor-element-populated\">\n\t\t\t\t\t\t<div class=\"elementor-element elementor-element-0544288 elementor-widget elementor-widget-heading\" data-id=\"0544288\" data-element_type=\"widget\" data-e-type=\"widget\" data-widget_type=\"heading.default\">\n\t\t\t\t<div class=\"elementor-widget-container\">\n\t\t\t\t\t<h2 class=\"elementor-heading-title elementor-size-default\">Pain\u00e9is de parede sandu\u00edche texturizados<\/h2>\t\t\t\t<\/div>\n\t\t\t\t<\/div>\n\t\t\t\t<div class=\"elementor-element elementor-element-9e3f88d elementor-widget elementor-widget-text-editor\" data-id=\"9e3f88d\" data-element_type=\"widget\" data-e-type=\"widget\" data-widget_type=\"text-editor.default\">\n\t\t\t\t<div class=\"elementor-widget-container\">\n\t\t\t\t\t\t\t\t\t<p>Os pain\u00e9is sandu\u00edche com apar\u00eancia de madeira s\u00e3o uma \u00f3tima op\u00e7\u00e3o para quem deseja criar um natural para suas casas ou recipientes pr\u00e9-fabricados. Estes pain\u00e9is s\u00e3o constitu\u00eddos por duas camadas de chapas de a\u00e7o com revestimento de pol\u00edmero e um n\u00facleo de espuma r\u00edgida, o que proporciona um excelente isolamento t\u00e9rmico e ac\u00fastico. Eles s\u00e3o f\u00e1ceis de instalar e dur\u00e1veis. Eles tamb\u00e9m v\u00eam em uma variedade de cores e texturas, para que voc\u00ea possa escolher aquele que se adapta ao seu estilo e prefer\u00eancia.  <\/p><p>Os pain\u00e9is sandu\u00edche com apar\u00eancia de pedra e madeira podem transformar seu espa\u00e7o e dar-lhe uma sensa\u00e7\u00e3o acolhedora e convidativa. Se voc\u00ea deseja us\u00e1-los para suas paredes, tetos, voc\u00ea descobrir\u00e1 que eles adicionam muito car\u00e1ter e charme ao seu design de interiores, bem como \u00e0 fachada do seu edif\u00edcio.  <\/p>\t\t\t\t\t\t\t\t<\/div>\n\t\t\t\t<\/div>\n\t\t\t\t\t<\/div>\n\t\t<\/div>\n\t\t\t\t<div class=\"elementor-column elementor-col-50 elementor-top-column elementor-element elementor-element-249b21f\" data-id=\"249b21f\" data-element_type=\"column\" data-e-type=\"column\">\n\t\t\t<div class=\"elementor-widget-wrap elementor-element-populated\">\n\t\t\t\t\t\t<div class=\"elementor-element elementor-element-ff47b11 elementor-align-right elementor-tablet-align-center elementor-widget elementor-widget-button\" data-id=\"ff47b11\" data-element_type=\"widget\" data-e-type=\"widget\" data-widget_type=\"button.default\">\n\t\t\t\t<div class=\"elementor-widget-container\">\n\t\t\t\t\t\t\t\t\t<div class=\"elementor-button-wrapper\">\n\t\t\t\t\t<a class=\"elementor-button elementor-button-link elementor-size-md\" href=\"https:\/\/www.pesina.com.tr\/pt-br\/contato\/\">\n\t\t\t\t\t\t<span class=\"elementor-button-content-wrapper\">\n\t\t\t\t\t\t\t\t\t<span class=\"elementor-button-text\">Entre em contato para mais<\/span>\n\t\t\t\t\t<\/span>\n\t\t\t\t\t<\/a>\n\t\t\t\t<\/div>\n\t\t\t\t\t\t\t\t<\/div>\n\t\t\t\t<\/div>\n\t\t\t\t\t<\/div>\n\t\t<\/div>\n\t\t\t\t\t<\/div>\n\t\t<\/section>\n\t\t\t\t<section class=\"elementor-section elementor-top-section elementor-element elementor-element-5c0a2ab elementor-section-full_width elementor-hidden-phone elementor-section-height-default elementor-section-height-default\" data-id=\"5c0a2ab\" data-element_type=\"section\" data-e-type=\"section\">\n\t\t\t\t\t\t<div class=\"elementor-container elementor-column-gap-default\">\n\t\t\t\t\t<div class=\"elementor-column elementor-col-100 elementor-top-column elementor-element elementor-element-beccdd5\" data-id=\"beccdd5\" data-element_type=\"column\" data-e-type=\"column\">\n\t\t\t<div class=\"elementor-widget-wrap elementor-element-populated\">\n\t\t\t\t\t\t<div class=\"elementor-element elementor-element-6f34ba8 elementor-widget-divider--view-line elementor-widget elementor-widget-divider\" data-id=\"6f34ba8\" data-element_type=\"widget\" data-e-type=\"widget\" data-widget_type=\"divider.default\">\n\t\t\t\t<div class=\"elementor-widget-container\">\n\t\t\t\t\t\t\t<div class=\"elementor-divider\">\n\t\t\t<span class=\"elementor-divider-separator\">\n\t\t\t\t\t\t<\/span>\n\t\t<\/div>\n\t\t\t\t\t\t<\/div>\n\t\t\t\t<\/div>\n\t\t\t\t\t<\/div>\n\t\t<\/div>\n\t\t\t\t\t<\/div>\n\t\t<\/section>\n\t\t\t\t<section class=\"elementor-section elementor-top-section elementor-element elementor-element-26b81425 elementor-hidden-phone elementor-section-boxed elementor-section-height-default elementor-section-height-default\" data-id=\"26b81425\" data-element_type=\"section\" data-e-type=\"section\">\n\t\t\t\t\t\t<div class=\"elementor-container elementor-column-gap-default\">\n\t\t\t\t\t<div class=\"elementor-column elementor-col-100 elementor-top-column elementor-element elementor-element-bc37416\" data-id=\"bc37416\" data-element_type=\"column\" data-e-type=\"column\">\n\t\t\t<div class=\"elementor-widget-wrap elementor-element-populated\">\n\t\t\t\t\t\t<div class=\"elementor-element elementor-element-78f3666b elementor-widget-divider--view-line elementor-widget elementor-widget-divider\" data-id=\"78f3666b\" data-element_type=\"widget\" data-e-type=\"widget\" data-widget_type=\"divider.default\">\n\t\t\t\t<div class=\"elementor-widget-container\">\n\t\t\t\t\t\t\t<div class=\"elementor-divider\">\n\t\t\t<span class=\"elementor-divider-separator\">\n\t\t\t\t\t\t<\/span>\n\t\t<\/div>\n\t\t\t\t\t\t<\/div>\n\t\t\t\t<\/div>\n\t\t\t\t\t<\/div>\n\t\t<\/div>\n\t\t\t\t\t<\/div>\n\t\t<\/section>\n\t\t\t\t<section class=\"elementor-section elementor-top-section elementor-element elementor-element-86fae6a elementor-section-boxed elementor-section-height-default elementor-section-height-default\" data-id=\"86fae6a\" data-element_type=\"section\" data-e-type=\"section\">\n\t\t\t\t\t\t<div class=\"elementor-container elementor-column-gap-default\">\n\t\t\t\t\t<div class=\"elementor-column elementor-col-33 elementor-top-column elementor-element elementor-element-4b6197d\" data-id=\"4b6197d\" data-element_type=\"column\" data-e-type=\"column\">\n\t\t\t<div class=\"elementor-widget-wrap elementor-element-populated\">\n\t\t\t\t\t\t<div class=\"elementor-element elementor-element-0ad1f6b elementor-shape-rounded elementor-grid-0 e-grid-align-center elementor-widget elementor-widget-social-icons\" data-id=\"0ad1f6b\" data-element_type=\"widget\" data-e-type=\"widget\" data-widget_type=\"social-icons.default\">\n\t\t\t\t<div class=\"elementor-widget-container\">\n\t\t\t\t\t\t\t<div class=\"elementor-social-icons-wrapper elementor-grid\">\n\t\t\t\t\t\t\t<span class=\"elementor-grid-item\">\n\t\t\t\t\t<a class=\"elementor-icon elementor-social-icon elementor-social-icon-facebook elementor-repeater-item-8b16902\" href=\"https:\/\/www.facebook.com\/PesinaTurkey\/\" target=\"_blank\">\n\t\t\t\t\t\t<span class=\"elementor-screen-only\">Facebook<\/span>\n\t\t\t\t\t\t<i aria-hidden=\"true\" class=\"fab fa-facebook\"><\/i>\t\t\t\t\t<\/a>\n\t\t\t\t<\/span>\n\t\t\t\t\t<\/div>\n\t\t\t\t\t\t<\/div>\n\t\t\t\t<\/div>\n\t\t\t\t\t<\/div>\n\t\t<\/div>\n\t\t\t\t<div class=\"elementor-column elementor-col-33 elementor-top-column elementor-element elementor-element-eb3eb4c\" data-id=\"eb3eb4c\" data-element_type=\"column\" data-e-type=\"column\">\n\t\t\t<div class=\"elementor-widget-wrap elementor-element-populated\">\n\t\t\t\t\t\t<div class=\"elementor-element elementor-element-ab4b608 elementor-shape-rounded elementor-grid-0 e-grid-align-center elementor-widget elementor-widget-social-icons\" data-id=\"ab4b608\" data-element_type=\"widget\" data-e-type=\"widget\" data-widget_type=\"social-icons.default\">\n\t\t\t\t<div class=\"elementor-widget-container\">\n\t\t\t\t\t\t\t<div class=\"elementor-social-icons-wrapper elementor-grid\">\n\t\t\t\t\t\t\t<span class=\"elementor-grid-item\">\n\t\t\t\t\t<a class=\"elementor-icon elementor-social-icon elementor-social-icon-youtube elementor-repeater-item-f141095\" href=\"https:\/\/youtube.com\/shorts\/OYgbG0EbKss?si=Ga0AQCzmKiLgM_X4\" target=\"_blank\">\n\t\t\t\t\t\t<span class=\"elementor-screen-only\">Youtube<\/span>\n\t\t\t\t\t\t<i aria-hidden=\"true\" class=\"fab fa-youtube\"><\/i>\t\t\t\t\t<\/a>\n\t\t\t\t<\/span>\n\t\t\t\t\t<\/div>\n\t\t\t\t\t\t<\/div>\n\t\t\t\t<\/div>\n\t\t\t\t\t<\/div>\n\t\t<\/div>\n\t\t\t\t<div class=\"elementor-column elementor-col-33 elementor-top-column elementor-element elementor-element-c3e0807\" data-id=\"c3e0807\" data-element_type=\"column\" data-e-type=\"column\">\n\t\t\t<div class=\"elementor-widget-wrap elementor-element-populated\">\n\t\t\t\t\t\t<div class=\"elementor-element elementor-element-4e2bb4c elementor-shape-rounded elementor-grid-0 e-grid-align-center elementor-widget elementor-widget-social-icons\" data-id=\"4e2bb4c\" data-element_type=\"widget\" data-e-type=\"widget\" data-widget_type=\"social-icons.default\">\n\t\t\t\t<div class=\"elementor-widget-container\">\n\t\t\t\t\t\t\t<div class=\"elementor-social-icons-wrapper elementor-grid\">\n\t\t\t\t\t\t\t<span class=\"elementor-grid-item\">\n\t\t\t\t\t<a class=\"elementor-icon elementor-social-icon elementor-social-icon-linkedin elementor-repeater-item-b6fdab7\" href=\"https:\/\/www.linkedin.com\/company\/pesina-construction-trading-ltd\" target=\"_blank\">\n\t\t\t\t\t\t<span class=\"elementor-screen-only\">Linkedin<\/span>\n\t\t\t\t\t\t<i aria-hidden=\"true\" class=\"fab fa-linkedin\"><\/i>\t\t\t\t\t<\/a>\n\t\t\t\t<\/span>\n\t\t\t\t\t<\/div>\n\t\t\t\t\t\t<\/div>\n\t\t\t\t<\/div>\n\t\t\t\t\t<\/div>\n\t\t<\/div>\n\t\t\t\t\t<\/div>\n\t\t<\/section>\n\t\t\t\t<\/div>\n\t\t","protected":false},"excerpt":{"rendered":"<p>Oferecemos novos pain\u00e9is sandu\u00edche com apar\u00eancia diferente Painel sandu\u00edche com apar\u00eancia de madeira Pegamos na apar\u00eancia natural e relaxante da madeira e combinamos com a durabilidade do a\u00e7o. PU, PIR ou pain\u00e9is de areia cheios de l\u00e3 de rocha que oferecem beleza e fun\u00e7\u00e3o. Pain\u00e9is sandu\u00edche com apar\u00eancia de madeira Os pain\u00e9is sandu\u00edche com apar\u00eancia&#8230;<\/p>\n","protected":false},"author":1,"featured_media":0,"parent":0,"menu_order":0,"comment_status":"closed","ping_status":"closed","template":"","meta":{"_seopress_robots_primary_cat":"","_seopress_titles_title":"%%post_title%% %%sep%% %%sitetitle%% Turquia","_seopress_titles_desc":"Oferecemos painel sandu\u00edche com apar\u00eancia de madeira, bem como pain\u00e9is sandu\u00edche com apar\u00eancia de pedra. Eles podem ser usados para materiais de fachada com isolamento.","_seopress_robots_index":"","_kad_post_transparent":"","_kad_post_title":"","_kad_post_layout":"","_kad_post_sidebar_id":"","_kad_post_content_style":"","_kad_post_vertical_padding":"","_kad_post_feature":"","_kad_post_feature_position":"","_kad_post_header":false,"_kad_post_footer":false,"_kad_post_classname":"","footnotes":""},"class_list":["post-8891","page","type-page","status-publish","hentry"],"_links":{"self":[{"href":"https:\/\/www.pesina.com.tr\/pt-br\/wp-json\/wp\/v2\/pages\/8891","targetHints":{"allow":["GET"]}}],"collection":[{"href":"https:\/\/www.pesina.com.tr\/pt-br\/wp-json\/wp\/v2\/pages"}],"about":[{"href":"https:\/\/www.pesina.com.tr\/pt-br\/wp-json\/wp\/v2\/types\/page"}],"author":[{"embeddable":true,"href":"https:\/\/www.pesina.com.tr\/pt-br\/wp-json\/wp\/v2\/users\/1"}],"replies":[{"embeddable":true,"href":"https:\/\/www.pesina.com.tr\/pt-br\/wp-json\/wp\/v2\/comments?post=8891"}],"version-history":[{"count":4,"href":"https:\/\/www.pesina.com.tr\/pt-br\/wp-json\/wp\/v2\/pages\/8891\/revisions"}],"predecessor-version":[{"id":9512,"href":"https:\/\/www.pesina.com.tr\/pt-br\/wp-json\/wp\/v2\/pages\/8891\/revisions\/9512"}],"wp:attachment":[{"href":"https:\/\/www.pesina.com.tr\/pt-br\/wp-json\/wp\/v2\/media?parent=8891"}],"curies":[{"name":"wp","href":"https:\/\/api.w.org\/{rel}","templated":true}]}}