{"id":4601,"date":"2022-04-25T07:02:33","date_gmt":"2022-04-25T07:02:33","guid":{"rendered":"https:\/\/www.pesina.com.tr\/telhas-ceramicas-turcas\/"},"modified":"2025-08-26T19:54:43","modified_gmt":"2025-08-26T19:54:43","slug":"telhas-ceramicas-turcas","status":"publish","type":"page","link":"https:\/\/www.pesina.com.tr\/pt-br\/telhas-ceramicas-turcas\/","title":{"rendered":"Revestimentos Cer\u00e2micos Premium"},"content":{"rendered":"\t\t<div data-elementor-type=\"wp-page\" data-elementor-id=\"4601\" class=\"elementor elementor-4601 elementor-4315\">\n\t\t\t\t\t\t<section class=\"elementor-section elementor-top-section elementor-element elementor-element-48f43b95 elementor-section-boxed elementor-section-height-default elementor-section-height-default\" data-id=\"48f43b95\" data-element_type=\"section\" data-e-type=\"section\">\n\t\t\t\t\t\t<div class=\"elementor-container elementor-column-gap-default\">\n\t\t\t\t\t<div class=\"elementor-column elementor-col-100 elementor-top-column elementor-element elementor-element-12172f75\" data-id=\"12172f75\" data-element_type=\"column\" data-e-type=\"column\" data-settings=\"{&quot;background_background&quot;:&quot;gradient&quot;}\">\n\t\t\t<div class=\"elementor-widget-wrap elementor-element-populated\">\n\t\t\t\t\t\t<section class=\"elementor-section elementor-inner-section elementor-element elementor-element-d9fa850 elementor-section-boxed elementor-section-height-default elementor-section-height-default\" data-id=\"d9fa850\" data-element_type=\"section\" data-e-type=\"section\">\n\t\t\t\t\t\t<div class=\"elementor-container elementor-column-gap-default\">\n\t\t\t\t\t<div class=\"elementor-column elementor-col-100 elementor-inner-column elementor-element elementor-element-42b0a1f\" data-id=\"42b0a1f\" data-element_type=\"column\" data-e-type=\"column\">\n\t\t\t<div class=\"elementor-widget-wrap elementor-element-populated\">\n\t\t\t\t\t\t<div class=\"elementor-element elementor-element-86bfc5e elementor-widget elementor-widget-heading\" data-id=\"86bfc5e\" data-element_type=\"widget\" data-e-type=\"widget\" data-widget_type=\"heading.default\">\n\t\t\t\t<div class=\"elementor-widget-container\">\n\t\t\t\t\t<h2 class=\"elementor-heading-title elementor-size-default\">Azulejos que combinam melhor com voc\u00ea<\/h2>\t\t\t\t<\/div>\n\t\t\t\t<\/div>\n\t\t\t\t\t<\/div>\n\t\t<\/div>\n\t\t\t\t\t<\/div>\n\t\t<\/section>\n\t\t\t\t<div class=\"elementor-element elementor-element-18000d81 elementor-widget elementor-widget-text-editor\" data-id=\"18000d81\" data-element_type=\"widget\" data-e-type=\"widget\" data-widget_type=\"text-editor.default\">\n\t\t\t\t<div class=\"elementor-widget-container\">\n\t\t\t\t\t\t\t\t\t<div class=\"wp-block-kadence-column kadence-column_886bef-e6 inner-column-1\"><div class=\"kt-inside-inner-col\"><div class=\"wp-block-kadence-column kadence-column_d3cb1c-86 inner-column-1\"><div class=\"kt-inside-inner-col\"> <\/div><\/div><\/div><\/div><div class=\"wp-block-kadence-column kadence-column_159cc7-ed inner-column-1\"><div class=\"kt-inside-inner-col\"><div class=\"wp-block-kadence-spacer aligncenter kt-block-spacer-_098d3b-33\"><div class=\"kt-block-spacer kt-block-spacer-halign-center\"><hr class=\"kt-divider\"><\/div><\/div><p>Bem-vindo \u00e0 nossa cole\u00e7\u00e3o de revestimentos cer\u00e2micos premium, projetados para elevar qualquer espa\u00e7o com sua beleza e durabilidade atemporais. Nossos revestimentos cer\u00e2micos s\u00e3o confeccionados com os melhores materiais e est\u00e3o dispon\u00edveis em uma variedade de estilos, tamanhos e cores para atender \u00e0s suas necessidades espec\u00edficas.<\/p><p>Nossos ladrilhos cer\u00e2micos s\u00e3o a escolha perfeita para \u00e1reas de alto tr\u00e1fego, pois s\u00e3o incrivelmente dur\u00e1veis e resistentes a arranh\u00f5es e manchas. Oferecemos uma ampla gama de ladrilhos perfeitos para adicionar um toque de eleg\u00e2ncia a qualquer ambiente.  Nossos pisos n\u00e3o s\u00e3o apenas bonitos, mas tamb\u00e9m antiderrapantes e resistentes \u00e0 \u00e1gua, tornando-os perfeitos para uso em banheiros e cozinhas.<\/p><p>Procurando pe\u00e7as que far\u00e3o uma declara\u00e7\u00e3o? Nossos mosaicos est\u00e3o dispon\u00edveis em uma variedade de padr\u00f5es e cores, e podem ser usados para criar paredes de destaque impressionantes e backsplashes. Se voc\u00ea prefere um visual mais cl\u00e1ssico, nossos azulejos de metr\u00f4 s\u00e3o uma escolha popular para espa\u00e7os residenciais e comerciais.<\/p><p>Na Pesina, nos orgulhamos de nosso compromisso com a sustentabilidade. Nossos azulejos ecol\u00f3gicos s\u00e3o feitos usando processos de fabrica\u00e7\u00e3o ambientalmente respons\u00e1veis e est\u00e3o dispon\u00edveis em uma variedade de estilos e cores.<\/p><p>Contate-nos hoje para saber mais sobre nossa cole\u00e7\u00e3o de revestimentos cer\u00e2micos premium e deixe-nos ajud\u00e1-lo a encontrar os azulejos perfeitos para o seu pr\u00f3ximo projeto.<\/p><\/div><\/div><div class=\"wp-block-kadence-column kadence-column_272d5d-e0 inner-column-1\"><div class=\"kt-inside-inner-col\"><div class=\"wp-block-kadence-spacer aligncenter kt-block-spacer-_d5bc55-7c\"><div class=\"kt-block-spacer kt-block-spacer-halign-center\"><hr class=\"kt-divider\"><\/div><\/div><h1>Ladrilhos de cer\u00e2mica com qualidade premium estar\u00e3o l\u00e1<\/h1><h3 id=\"what-is-ceramic-tile\" class=\"kt-adv-heading_10c74c-72 wp-block-kadence-advancedheading\" data-kb-block=\"kb-adv-heading_10c74c-72\"><a href=\"#what-is-ceramic-tile\">O que \u00e9 cer\u00e2mica?<\/a><\/h3><p>Os revestimentos cer\u00e2micos s\u00e3o um tipo de op\u00e7\u00e3o de piso dur\u00e1vel e vers\u00e1til que \u00e9 composto de argila, areia e outros materiais naturais. Essas misturas s\u00e3o moldadas e depois queimadas em altas temperaturas que variam de 1000\u00b0C a 1250\u00b0C, dependendo do tipo de telha. Na Pesina Ltd., somos especializados em oferecer uma ampla gama de revestimentos cer\u00e2micos premium que s\u00e3o perfeitos para uso em ambientes residenciais e comerciais.<\/p><p>Os revestimentos cer\u00e2micos s\u00e3o um dos produtos humanos mais antigos e t\u00eam sido utilizados h\u00e1 milhares de anos. Eles n\u00e3o s\u00e3o usados apenas como piso, mas tamb\u00e9m para utens\u00edlios de cozinha, elementos de banheiro, materiais do tipo tijolo e muito mais. Nossos revestimentos cer\u00e2micos v\u00eam em uma variedade de estilos, cores e tamanhos, tornando mais f\u00e1cil encontrar o ajuste perfeito para o seu projeto.<\/p><p>Uma das vantagens mais significativas dos revestimentos cer\u00e2micos \u00e9 a sua durabilidade. Eles n\u00e3o se dissolvem ou mudam, mesmo em contato com a \u00e1gua ou a maioria dos materiais qu\u00edmicos. Al\u00e9m disso, sua dureza e resist\u00eancia mec\u00e2nica os tornam capazes de suportar cargas relativamente pesadas. No entanto, \u00e9 importante ressaltar que os revestimentos cer\u00e2micos s\u00e3o, em \u00faltima an\u00e1lise, um material de revestimento e requerem avalia\u00e7\u00e3o em estreita rela\u00e7\u00e3o com a estrutura b\u00e1sica em que s\u00e3o aplicados.<\/p><p>Se procura uma op\u00e7\u00e3o de pavimento que seja contempor\u00e2nea e inovadora, ao mesmo tempo que seja duradoura e f\u00e1cil de manter, os nossos revestimentos cer\u00e2micos premium s\u00e3o a escolha perfeita. <a href=\"https:\/\/www.pesina.com.tr\/pt-br\/contato\/\" data-type=\"page\" data-id=\"2664\">Entre em contato conosco<\/a> hoje mesmo para saber mais sobre nossos produtos e servi\u00e7os.<\/p><h3 class=\"kt-adv-heading_d1fd3d-4c wp-block-kadence-advancedheading\" data-kb-block=\"kb-adv-heading_d1fd3d-4c\"> <\/h3><\/div><\/div><div class=\"wp-block-kadence-column kadence-column_a4e035-1f inner-column-1\"><div class=\"kt-inside-inner-col\"><div class=\"wp-block-kadence-spacer aligncenter kt-block-spacer-_431de3-3a\"><div class=\"kt-block-spacer kt-block-spacer-halign-center\"><hr class=\"kt-divider\"><\/div><\/div><\/div><\/div><div class=\"wp-block-buttons\"><div id=\"Ceramic_catalog\" class=\"wp-block-button\"><a class=\"wp-block-button__link wp-element-button\" href=\"https:\/\/www.pesina.com.tr\/wp-content\/uploads\/2024\/09\/PSN_BN_2024_CTLG.pdf\" target=\"_blank\" rel=\"noreferrer noopener\">Cat\u00e1logo de Download<\/a><\/div><\/div><div class=\"wp-block-kadence-column kadence-column_88bc85-b5 inner-column-1\"><div class=\"kt-inside-inner-col\"><h3 class=\"kt-adv-heading_d96337-3c wp-block-kadence-advancedheading\" data-kb-block=\"kb-adv-heading_d96337-3c\">Defendendo a Qualidade; Azulejos cer\u00e2micos italianos e telhas cer\u00e2micas turcas<\/h3><p>Na Pesina Ltd., acreditamos que os revestimentos cer\u00e2micos s\u00e3o mais do que apenas uma op\u00e7\u00e3o de piso funcional; eles s\u00e3o um reflexo do seu estilo e gosto. \u00c9 por isso que temos o orgulho de oferecer uma ampla sele\u00e7\u00e3o de revestimentos cer\u00e2micos italianos e turcos que s\u00e3o esteticamente agrad\u00e1veis e dur\u00e1veis.<\/p><p>Os revestimentos cer\u00e2micos italianos s\u00e3o conhecidos por sua beleza e eleg\u00e2ncia. Com seus designs \u00fanicos e padr\u00f5es intrincados, eles podem transformar qualquer espa\u00e7o em uma obra de arte. Ao mesmo tempo, eles tamb\u00e9m s\u00e3o incrivelmente dur\u00e1veis, capazes de suportar tr\u00e1fego pesado e desgaste.<\/p><p>Enquanto isso, os ladrilhos cer\u00e2micos da Turquia s\u00e3o igualmente impressionantes, com seus materiais naturais e qualidade excepcional. A Turquia \u00e9 aben\u00e7oada com uma rica fonte de mat\u00e9rias-primas que s\u00e3o perfeitamente equilibradas para fazer telhas de alta qualidade ap\u00f3s o tratamento t\u00e9rmico. \u00c0 medida que mais pessoas se conscientizam de sua qualidade e durabilidade, a demanda por revestimentos cer\u00e2micos turcos aumentou, levando a prazos de produ\u00e7\u00e3o mais longos.<\/p><p>Na Pesina Ltd., estamos empenhados em fornecer a melhor qualidade de revestimentos cer\u00e2micos turcos aos nossos clientes. Quer esteja \u00e0 procura de azulejos elegantes, dur\u00e1veis ou ambos, a nossa vasta selec\u00e7\u00e3o tem algo para todos os gostos e or\u00e7amentos. Contate-nos hoje mesmo para saber mais sobre nossos produtos e servi\u00e7os<\/p><\/div><\/div><div class=\"wp-block-kadence-column kadence-column_b487be-41 inner-column-2\"><div class=\"kt-inside-inner-col\"><div class=\"wp-block-kadence-infobox kt-info-box_1b9aa8-89\"><div class=\"kt-infobox-textcontent\"><h3 class=\"kt-blocks-info-box-title\">Telhas cer\u00e2micas<\/h3><p class=\"kt-blocks-info-box-text\">As dimens\u00f5es do piso de cer\u00e2mica variam entre 30&#215;60, 48&#215;48 e 30x80cm A textura \u00e9 fosca ou polida.<\/p><\/div><\/div><div class=\"wp-block-kadence-infobox kt-info-box_89cfc6-37\"><div class=\"kt-infobox-textcontent\"><h3 class=\"kt-blocks-info-box-title\">Azulejos<\/h3><p class=\"kt-blocks-info-box-text\">Os revestimentos cer\u00e2micos de parede t\u00eam dimens\u00f5es de 30&#215;60, 50&#215;50 e 30x80cm<\/p><\/div><\/div><div class=\"wp-block-kadence-infobox kt-info-box_731086-2e\"><div class=\"kt-infobox-textcontent\"><h4 class=\"kt-blocks-info-box-title\">Azulejo de cer\u00e2mica de apar\u00eancia de madeira<\/h4><p class=\"kt-blocks-info-box-text\">Azulejos de madeira cer\u00e2mica ou, em outras palavras, azulejos de cer\u00e2mica que se parecem com madeira s\u00e3o muito comuns aqueles que querem beleza da madeira com as fortes propriedades de durabilidade, usabilidade e tamb\u00e9m solu\u00e7\u00e3o mais econ\u00f4mica preservando a vida verde.<\/p><\/div><\/div><\/div><\/div>\t\t\t\t\t\t\t\t<\/div>\n\t\t\t\t<\/div>\n\t\t\t\t<div class=\"elementor-element elementor-element-437d9e9 elementor-button-success elementor-widget elementor-widget-button\" data-id=\"437d9e9\" data-element_type=\"widget\" data-e-type=\"widget\" data-widget_type=\"button.default\">\n\t\t\t\t<div class=\"elementor-widget-container\">\n\t\t\t\t\t\t\t\t\t<div class=\"elementor-button-wrapper\">\n\t\t\t\t\t<a class=\"elementor-button elementor-button-link elementor-size-md\" href=\"https:\/\/www.pesina.com.tr\/porcelain-tile-flooring\/\">\n\t\t\t\t\t\t<span class=\"elementor-button-content-wrapper\">\n\t\t\t\t\t\t\t\t\t<span class=\"elementor-button-text\">Clique aqui para conferir os porcelanatos<\/span>\n\t\t\t\t\t<\/span>\n\t\t\t\t\t<\/a>\n\t\t\t\t<\/div>\n\t\t\t\t\t\t\t\t<\/div>\n\t\t\t\t<\/div>\n\t\t\t\t<section class=\"elementor-section elementor-inner-section elementor-element elementor-element-ce2a801 elementor-section-boxed elementor-section-height-default elementor-section-height-default\" data-id=\"ce2a801\" data-element_type=\"section\" data-e-type=\"section\">\n\t\t\t\t\t\t<div class=\"elementor-container elementor-column-gap-default\">\n\t\t\t\t\t<div class=\"elementor-column elementor-col-50 elementor-inner-column elementor-element elementor-element-29b15b0\" data-id=\"29b15b0\" data-element_type=\"column\" data-e-type=\"column\">\n\t\t\t<div class=\"elementor-widget-wrap elementor-element-populated\">\n\t\t\t\t\t\t<div class=\"elementor-element elementor-element-bcbc303 elementor-widget elementor-widget-image\" data-id=\"bcbc303\" data-element_type=\"widget\" data-e-type=\"widget\" data-widget_type=\"image.default\">\n\t\t\t\t<div class=\"elementor-widget-container\">\n\t\t\t\t\t\t\t\t\t\t\t\t\t\t\t<img fetchpriority=\"high\" decoding=\"async\" width=\"1024\" height=\"449\" src=\"https:\/\/cdn.pesina.com.tr\/wp-content\/uploads\/2021\/12\/ceramic_tiles_asya_floor-1024x449.webp\" class=\"attachment-large size-large wp-image-4450\" alt=\"quarto de piso de cer\u00e2mica\" srcset=\"https:\/\/cdn.pesina.com.tr\/wp-content\/uploads\/2021\/12\/ceramic_tiles_asya_floor-1024x449.webp 1024w, https:\/\/cdn.pesina.com.tr\/wp-content\/uploads\/2021\/12\/ceramic_tiles_asya_floor-300x132.webp 300w, https:\/\/cdn.pesina.com.tr\/wp-content\/uploads\/2021\/12\/ceramic_tiles_asya_floor-768x337.webp 768w, https:\/\/cdn.pesina.com.tr\/wp-content\/uploads\/2021\/12\/ceramic_tiles_asya_floor.webp 1140w\" sizes=\"(max-width: 1024px) 100vw, 1024px\" \/>\t\t\t\t\t\t\t\t\t\t\t\t\t\t\t<\/div>\n\t\t\t\t<\/div>\n\t\t\t\t\t<\/div>\n\t\t<\/div>\n\t\t\t\t<div class=\"elementor-column elementor-col-50 elementor-inner-column elementor-element elementor-element-58f9e8f\" data-id=\"58f9e8f\" data-element_type=\"column\" data-e-type=\"column\">\n\t\t\t<div class=\"elementor-widget-wrap elementor-element-populated\">\n\t\t\t\t\t\t<div class=\"elementor-element elementor-element-1ed45ec elementor-widget elementor-widget-image\" data-id=\"1ed45ec\" data-element_type=\"widget\" data-e-type=\"widget\" data-widget_type=\"image.default\">\n\t\t\t\t<div class=\"elementor-widget-container\">\n\t\t\t\t\t\t\t\t\t\t\t\t\t\t\t<img decoding=\"async\" width=\"1024\" height=\"449\" src=\"https:\/\/cdn.pesina.com.tr\/wp-content\/uploads\/2021\/12\/ceramic_tiles_wall_living_room-1024x449.webp\" class=\"attachment-large size-large wp-image-4454\" alt=\"cer\u00e2mica parede sala de estar\" srcset=\"https:\/\/cdn.pesina.com.tr\/wp-content\/uploads\/2021\/12\/ceramic_tiles_wall_living_room-1024x449.webp 1024w, https:\/\/cdn.pesina.com.tr\/wp-content\/uploads\/2021\/12\/ceramic_tiles_wall_living_room-300x132.webp 300w, https:\/\/cdn.pesina.com.tr\/wp-content\/uploads\/2021\/12\/ceramic_tiles_wall_living_room-768x337.webp 768w, https:\/\/cdn.pesina.com.tr\/wp-content\/uploads\/2021\/12\/ceramic_tiles_wall_living_room.webp 1140w\" sizes=\"(max-width: 1024px) 100vw, 1024px\" \/>\t\t\t\t\t\t\t\t\t\t\t\t\t\t\t<\/div>\n\t\t\t\t<\/div>\n\t\t\t\t\t<\/div>\n\t\t<\/div>\n\t\t\t\t\t<\/div>\n\t\t<\/section>\n\t\t\t\t\t<\/div>\n\t\t<\/div>\n\t\t\t\t\t<\/div>\n\t\t<\/section>\n\t\t\t\t<\/div>\n\t\t","protected":false},"excerpt":{"rendered":"<p>Azulejos que combinam melhor com voc\u00ea Bem-vindo \u00e0 nossa cole\u00e7\u00e3o de revestimentos cer\u00e2micos premium, projetados para elevar qualquer espa\u00e7o com sua beleza e durabilidade atemporais. Nossos revestimentos cer\u00e2micos s\u00e3o confeccionados com os melhores materiais e est\u00e3o dispon\u00edveis em uma variedade de estilos, tamanhos e cores para atender \u00e0s suas necessidades espec\u00edficas. Nossos ladrilhos cer\u00e2micos s\u00e3o&#8230;<\/p>\n","protected":false},"author":1,"featured_media":4460,"parent":0,"menu_order":0,"comment_status":"closed","ping_status":"closed","template":"","meta":{"_seopress_robots_primary_cat":"","_seopress_titles_title":"%%post_title%% %%sep%% Pe\u00e7as da Turquia","_seopress_titles_desc":"Bem-vindo \u00e0 nossa cole\u00e7\u00e3o de revestimentos cer\u00e2micos premium da Turquia, projetados para elevar qualquer espa\u00e7o com sua beleza e durabilidade atemporais. Agora enviamos para todo o mundo. ","_seopress_robots_index":"","_kad_post_transparent":"default","_kad_post_title":"default","_kad_post_layout":"default","_kad_post_sidebar_id":"","_kad_post_content_style":"default","_kad_post_vertical_padding":"default","_kad_post_feature":"","_kad_post_feature_position":"","_kad_post_header":false,"_kad_post_footer":false,"_kad_post_classname":"","footnotes":""},"class_list":["post-4601","page","type-page","status-publish","has-post-thumbnail","hentry"],"_links":{"self":[{"href":"https:\/\/www.pesina.com.tr\/pt-br\/wp-json\/wp\/v2\/pages\/4601","targetHints":{"allow":["GET"]}}],"collection":[{"href":"https:\/\/www.pesina.com.tr\/pt-br\/wp-json\/wp\/v2\/pages"}],"about":[{"href":"https:\/\/www.pesina.com.tr\/pt-br\/wp-json\/wp\/v2\/types\/page"}],"author":[{"embeddable":true,"href":"https:\/\/www.pesina.com.tr\/pt-br\/wp-json\/wp\/v2\/users\/1"}],"replies":[{"embeddable":true,"href":"https:\/\/www.pesina.com.tr\/pt-br\/wp-json\/wp\/v2\/comments?post=4601"}],"version-history":[{"count":2,"href":"https:\/\/www.pesina.com.tr\/pt-br\/wp-json\/wp\/v2\/pages\/4601\/revisions"}],"predecessor-version":[{"id":8888,"href":"https:\/\/www.pesina.com.tr\/pt-br\/wp-json\/wp\/v2\/pages\/4601\/revisions\/8888"}],"wp:featuredmedia":[{"embeddable":true,"href":"https:\/\/www.pesina.com.tr\/pt-br\/wp-json\/wp\/v2\/media\/4460"}],"wp:attachment":[{"href":"https:\/\/www.pesina.com.tr\/pt-br\/wp-json\/wp\/v2\/media?parent=4601"}],"curies":[{"name":"wp","href":"https:\/\/api.w.org\/{rel}","templated":true}]}}