{"id":4115,"date":"2022-10-19T20:05:40","date_gmt":"2022-10-19T20:05:40","guid":{"rendered":"https:\/\/www.pesina.com.tr\/?page_id=4115"},"modified":"2025-08-29T08:36:53","modified_gmt":"2025-08-29T08:36:53","slug":"lampada-led","status":"publish","type":"page","link":"https:\/\/www.pesina.com.tr\/pt-br\/lampada-led\/","title":{"rendered":"L\u00e2mpada LED"},"content":{"rendered":"<h1 data-kb-block=\"kb-adv-heading_e1587b-9e\">L\u00c2MPADAS LED<\/h1>\n<h2 data-kb-block=\"kb-adv-heading_e78c30-14\">Mude para economia de energia<\/h2>\n<p style=\"font-size: 20px;\">L\u00e2mpadas LED e L\u00e2mpadas de Tocha s\u00e3o luzes energeticamente eficientes e econ\u00f4micas.<\/p>\n<p style=\"font-size: 20px;\">Agora voc\u00ea pode encontrar l\u00famens e cores diferentes em nossa cole\u00e7\u00e3o.<\/p>\n<p><img fetchpriority=\"high\" decoding=\"async\" src=\"https:\/\/www.pesina.com.tr\/wp-content\/uploads\/2021\/10\/LedAmpul.webp\" alt=\"L\u00e2mpada led\" width=\"279\" height=\"400\"><\/p>\n<h4>L\u00e2mpada Led Bulbo 7W -A007<\/h4>\n<p>V: 220V-265V<br \/>\nLm: 560 l\u00famens<br \/>\nIP: 23<br \/>\nBase: E27<br \/>\nCor De Luz: 3000K-4000K-6500K<\/p>\n<p><img decoding=\"async\" src=\"https:\/\/www.pesina.com.tr\/wp-content\/uploads\/2021\/10\/LedAmpul.webp\" alt=\"L\u00e2mpada Led\" width=\"279\" height=\"400\"><\/p>\n<h4>L\u00e2mpada LED 9W -A009<\/h4>\n<p>V: 220V-265V<br \/>\nLm: 720 l\u00famens<br \/>\nIP: 23<br \/>\nBase: E27<br \/>\nCor De Luz: 3000K-4000K-6500K<\/p>\n<p><img decoding=\"async\" src=\"https:\/\/www.pesina.com.tr\/wp-content\/uploads\/2021\/10\/LedAmpul.webp\" alt=\"L\u00e2mpada Led\" width=\"279\" height=\"400\"><\/p>\n<h4>L\u00e2mpada LED 12W -A012<\/h4>\n<p>V: 220V-265V<br \/>\nLm: 960 l\u00famens<br \/>\nIP: 23<br \/>\nBase: E27<br \/>\nCor De Luz: 3000K-4000K-6500K<\/p>\n<p><img decoding=\"async\" src=\"https:\/\/www.pesina.com.tr\/wp-content\/uploads\/2021\/10\/LedAmpul.webp\" alt=\"L\u00e2mpada Led\" width=\"279\" height=\"400\"><\/p>\n<h4>L\u00e2mpada LED 15W -A015<\/h4>\n<p>V: 220V-265V<br \/>\nLm: 1350 l\u00famens<br \/>\nIP: 23<br \/>\nBase: E27<br \/>\nCor De Luz: 3000K-4000K-6500K<\/p>\n<p><img decoding=\"async\" src=\"https:\/\/www.pesina.com.tr\/wp-content\/uploads\/2021\/10\/torchbulb2.webp\" alt=\"L\u00e2mpada led2\" width=\"279\" height=\"400\"><\/p>\n<h4>L\u00c2MPADA TOCHA 10W-T10<\/h4>\n<p>V: 220V-265V \/ 60X115mm<br \/>\nLm: 656 l\u00famens<br \/>\nIP: 23<br \/>\nBase: E27<br \/>\nCor De Luz: 3000K-4000K-6500K<\/p>\n<p><img decoding=\"async\" src=\"https:\/\/www.pesina.com.tr\/wp-content\/uploads\/2021\/10\/torchbulb2.webp\" alt=\"L\u00e2mpada led2\" width=\"279\" height=\"400\"><\/p>\n<h4>15W L\u00c2MPADA TOCHA-T15<\/h4>\n<p>V: 220V-265V \/ 70X125mm<br \/>\nLm: 1095 l\u00famen<br \/>\nIP: 23<br \/>\nBase: E27<br \/>\nCor De Luz: 3000K-4000K-6500K<\/p>\n<p><img decoding=\"async\" src=\"https:\/\/www.pesina.com.tr\/wp-content\/uploads\/2021\/10\/torchbulb2.webp\" alt=\"L\u00e2mpada led2\" width=\"279\" height=\"400\"><\/p>\n<h4>L\u00c2MPADA 20W -T20<\/h4>\n<p>V: 220V-265V \/ 78X143mm<br \/>\nLm: 1095 l\u00famen<br \/>\nIP: 23<br \/>\nBase: E27<br \/>\nCor De Luz: 3000K-4000K-6500K<\/p>\n<p><img decoding=\"async\" src=\"https:\/\/www.pesina.com.tr\/wp-content\/uploads\/2021\/10\/torchbulb2.webp\" alt=\"L\u00e2mpada led2\" width=\"279\" height=\"400\"><\/p>\n<h4>L\u00c2MPADA TOCHA 30W-T30<\/h4>\n<p>V: 220V-265V \/ 98X168mm<br \/>\nLm: 2098 l\u00famens<br \/>\nIP: 23<br \/>\nBase: E27<br \/>\nCor De Luz: 3000K-4000K-6500K<\/p>\n<p><img decoding=\"async\" src=\"https:\/\/www.pesina.com.tr\/wp-content\/uploads\/2021\/10\/torchbulb2.webp\" alt=\"L\u00e2mpada led2\" width=\"279\" height=\"400\"><\/p>\n<h4>L\u00c2MPADA TOCHA 40W-T40<\/h4>\n<p>V: 220V-265V \/ 115X185mm<br \/>\nLm: 3668 l\u00famen<br \/>\nIP: 23<br \/>\nBase: E27<br \/>\nCor De Luz: 3000K-4000K-6500K<\/p>\n<p><a href=\"https:\/\/www.pesina.com.tr\/wp-content\/uploads\/2023\/11\/led_lamps.pdf\">Verificar outros<\/a><br \/>\n<a href=\"https:\/\/www.pesina.com.tr\/pt-br\/contato\/\">Entre em Contato Conosco<\/a><\/p>\n<p>Se voc\u00ea ainda est\u00e1 usando l\u00e2mpadas incandescentes ou hal\u00f3genas em sua casa, voc\u00ea est\u00e1 perdendo os muitos benef\u00edcios das l\u00e2mpadas LED. LED significa diodo emissor de luz, e \u00e9 um tipo de tecnologia de ilumina\u00e7\u00e3o que \u00e9 mais eficiente em termos energ\u00e9ticos, dur\u00e1vel e vers\u00e1til do que as l\u00e2mpadas tradicionais. Neste post, vamos explicar por que voc\u00ea deve mudar para l\u00e2mpadas LED hoje e como escolher as melhores para suas necessidades.  <\/p>\n<h2>Vantagens das L\u00e2mpadas LED<\/h2>\n<p>As <a href=\"https:\/\/en.wikipedia.org\/wiki\/LED_lamp\" target=\"_blank\" rel=\"noopener\">l\u00e2mpadas L ED<\/a> t\u00eam muitas vantagens sobre as l\u00e2mpadas incandescentes ou hal\u00f3genas, como:<\/p>\n<p>&#8211; Efici\u00eancia energ\u00e9tica: as l\u00e2mpadas LED consomem at\u00e9 90% menos energia do que as l\u00e2mpadas incandescentes e at\u00e9 50% menos do que as l\u00e2mpadas hal\u00f3genas. Isso significa que eles podem economizar dinheiro em suas contas de eletricidade e reduzir sua pegada de carbono. De acordo com o Energy Saving Trust, substituir todas as l\u00e2mpadas hal\u00f3genas em sua casa por LEDs pode economizar \u00a3 35 por ano, em m\u00e9dia.<\/p>\n<p>&#8211; Longevidade: as l\u00e2mpadas LED duram muito mais do que as l\u00e2mpadas incandescentes ou hal\u00f3genas. Eles podem durar at\u00e9 25.000 horas ou mais, em compara\u00e7\u00e3o com 1.000 horas para l\u00e2mpadas incandescentes e 2.000 horas para l\u00e2mpadas hal\u00f3genas. Isso significa que voc\u00ea n\u00e3o precisa substitu\u00ed-los com tanta frequ\u00eancia, o que economiza tempo e dinheiro. A Energy Saving Trust estima que mudar para LEDs pode economizar \u00a3 100 ao longo da vida \u00fatil de cada l\u00e2mpada.<\/p>\n<p>&#8211; Qualidade: As l\u00e2mpadas LED produzem luz de alta qualidade que \u00e9 brilhante, clara e consistente. Eles tamb\u00e9m t\u00eam um alto \u00edndice de renderiza\u00e7\u00e3o de cores (CRI), o que significa que podem mostrar cores com precis\u00e3o e vivacidade. As l\u00e2mpadas LED tamb\u00e9m podem ser regul\u00e1veis, mudar de cor ou inteligentes, o que lhe d\u00e1 mais controle e flexibilidade sobre sua ilumina\u00e7\u00e3o.<\/p>\n<p>&#8211; Seguran\u00e7a: as l\u00e2mpadas LED s\u00e3o mais seguras que as l\u00e2mpadas incandescentes ou hal\u00f3genas, pois geram menos calor e n\u00e3o cont\u00eam merc\u00fario ou outras subst\u00e2ncias nocivas. Eles tamb\u00e9m n\u00e3o emitem radia\u00e7\u00e3o ultravioleta (UV) ou infravermelha (IR), que podem danificar sua pele, olhos ou tecidos. As l\u00e2mpadas LED tamb\u00e9m s\u00e3o mais resistentes a choques, vibra\u00e7\u00f5es e mudan\u00e7as de temperatura, o que as torna mais confi\u00e1veis e dur\u00e1veis.<\/p>\n","protected":false},"excerpt":{"rendered":"<p>L\u00c2MPADAS LED Mude para economia de energia L\u00e2mpadas LED e L\u00e2mpadas de Tocha s\u00e3o luzes energeticamente eficientes e econ\u00f4micas. Agora voc\u00ea pode encontrar l\u00famens e cores diferentes em nossa cole\u00e7\u00e3o. L\u00e2mpada Led Bulbo 7W -A007 V: 220V-265V Lm: 560 l\u00famens IP: 23 Base: E27 Cor De Luz: 3000K-4000K-6500K L\u00e2mpada LED 9W -A009 V: 220V-265V Lm:&#8230;<\/p>\n","protected":false},"author":1,"featured_media":0,"parent":0,"menu_order":1,"comment_status":"closed","ping_status":"closed","template":"","meta":{"_seopress_robots_primary_cat":"","_seopress_titles_title":"%%post_title%% %%sep%% Comprar venda por atacado de Pesina Turquia #1","_seopress_titles_desc":"As l\u00e2mpadas LED s\u00e3o l\u00e2mpadas econ\u00f4micas e energeticamente eficientes. Agora voc\u00ea pode encontrar l\u00famens e cores diferentes em nossa cole\u00e7\u00e3o. Contacte-nos para mais informa\u00e7\u00f5es","_seopress_robots_index":"","_kad_post_transparent":"","_kad_post_title":"","_kad_post_layout":"","_kad_post_sidebar_id":"","_kad_post_content_style":"","_kad_post_vertical_padding":"","_kad_post_feature":"","_kad_post_feature_position":"","_kad_post_header":false,"_kad_post_footer":false,"_kad_post_classname":"","footnotes":""},"class_list":["post-4115","page","type-page","status-publish","hentry"],"_links":{"self":[{"href":"https:\/\/www.pesina.com.tr\/pt-br\/wp-json\/wp\/v2\/pages\/4115","targetHints":{"allow":["GET"]}}],"collection":[{"href":"https:\/\/www.pesina.com.tr\/pt-br\/wp-json\/wp\/v2\/pages"}],"about":[{"href":"https:\/\/www.pesina.com.tr\/pt-br\/wp-json\/wp\/v2\/types\/page"}],"author":[{"embeddable":true,"href":"https:\/\/www.pesina.com.tr\/pt-br\/wp-json\/wp\/v2\/users\/1"}],"replies":[{"embeddable":true,"href":"https:\/\/www.pesina.com.tr\/pt-br\/wp-json\/wp\/v2\/comments?post=4115"}],"version-history":[{"count":1,"href":"https:\/\/www.pesina.com.tr\/pt-br\/wp-json\/wp\/v2\/pages\/4115\/revisions"}],"predecessor-version":[{"id":9044,"href":"https:\/\/www.pesina.com.tr\/pt-br\/wp-json\/wp\/v2\/pages\/4115\/revisions\/9044"}],"wp:attachment":[{"href":"https:\/\/www.pesina.com.tr\/pt-br\/wp-json\/wp\/v2\/media?parent=4115"}],"curies":[{"name":"wp","href":"https:\/\/api.w.org\/{rel}","templated":true}]}}