{"id":4114,"date":"2022-04-08T12:33:39","date_gmt":"2022-04-08T12:33:39","guid":{"rendered":"https:\/\/www.pesina.com.tr\/?page_id=4114"},"modified":"2025-08-26T18:59:28","modified_gmt":"2025-08-26T18:59:28","slug":"ampoules-led","status":"publish","type":"page","link":"https:\/\/www.pesina.com.tr\/fr\/ampoules-led\/","title":{"rendered":"Ampoules Led"},"content":{"rendered":"<h1 data-kb-block=\"kb-adv-heading_e1587b-9e\">AMPOULES LED<\/h1>\n<h2 data-kb-block=\"kb-adv-heading_e78c30-14\">Passer \u00e0 l\u2019\u00e9conomie d\u2019\u00e9nergie<\/h2>\n<p style=\"font-size: 20px;\">Les ampoules LED et les ampoules torche sont des lampes \u00e9co\u00e9nerg\u00e9tiques et \u00e9conomiques.<\/p>\n<p style=\"font-size: 20px;\">Vous pouvez maintenant trouver diff\u00e9rents lumens et couleurs dans notre collection.<\/p>\n<p><img fetchpriority=\"high\" decoding=\"async\" src=\"https:\/\/www.pesina.com.tr\/wp-content\/uploads\/2021\/10\/LedAmpul.webp\" alt=\"Ampoules Led\" width=\"279\" height=\"400\"><\/p>\n<h4>Ampoule Led 7W -A007<\/h4>\n<p>V : 220 V-265 V<br \/>\nLm : 560 lumens<br \/>\nIP: 23<br \/>\nBase: E27<br \/>\nCouleurs 3000K-4000K-6500K<\/p>\n<p><img decoding=\"async\" src=\"https:\/\/www.pesina.com.tr\/wp-content\/uploads\/2021\/10\/LedAmpul.webp\" alt=\"Ampoule LED\" width=\"279\" height=\"400\"><\/p>\n<h4>Ampoule LED 9W -A009<\/h4>\n<p>V : 220 V-265 V<br \/>\nLm : 720 lumens<br \/>\nIP: 23<br \/>\nBase: E27<br \/>\nCouleurs 3000K-4000K-6500K<\/p>\n<p><img decoding=\"async\" src=\"https:\/\/www.pesina.com.tr\/wp-content\/uploads\/2021\/10\/LedAmpul.webp\" alt=\"Ampoule LED\" width=\"279\" height=\"400\"><\/p>\n<h4>Ampoule LED 12W -A012<\/h4>\n<p>V : 220 V-265 V<br \/>\nLm : 960 lumens<br \/>\nIP: 23<br \/>\nBase: E27<br \/>\nCouleurs 3000K-4000K-6500K<\/p>\n<p><img decoding=\"async\" src=\"https:\/\/www.pesina.com.tr\/wp-content\/uploads\/2021\/10\/LedAmpul.webp\" alt=\"Ampoule LED\" width=\"279\" height=\"400\"><\/p>\n<h4>Ampoule LED 15W -A015<\/h4>\n<p>V : 220 V-265 V<br \/>\nLm : 1350 lumens<br \/>\nIP: 23<br \/>\nBase: E27<br \/>\nCouleurs 3000K-4000K-6500K<\/p>\n<p><img decoding=\"async\" src=\"https:\/\/www.pesina.com.tr\/wp-content\/uploads\/2021\/10\/torchbulb2.webp\" alt=\"Ampoules Led2\" width=\"279\" height=\"400\"><\/p>\n<h4>10W AMPOULE TORCHE-T10<\/h4>\n<p>V: 220V-265V \/ 60X115mm<br \/>\nLm : 656 lumens<br \/>\nIP: 23<br \/>\nBase: E27<br \/>\nCouleurs 3000K-4000K-6500K<\/p>\n<p><img decoding=\"async\" src=\"https:\/\/www.pesina.com.tr\/wp-content\/uploads\/2021\/10\/torchbulb2.webp\" alt=\"Ampoules Led2\" width=\"279\" height=\"400\"><\/p>\n<h4>15W AMPOULE TORCHE-T15<\/h4>\n<p>V : 220 V-265 V \/ 70 x 125 mm<br \/>\nLm : 1095 lumen<br \/>\nIP: 23<br \/>\nBase: E27<br \/>\nCouleurs 3000K-4000K-6500K<\/p>\n<p><img decoding=\"async\" src=\"https:\/\/www.pesina.com.tr\/wp-content\/uploads\/2021\/10\/torchbulb2.webp\" alt=\"Ampoules Led2\" width=\"279\" height=\"400\"><\/p>\n<h4>AMPOULE TORCHE 20W -T20<\/h4>\n<p>V : 220 V-265 V \/ 78 x 143 mm<br \/>\nLm : 1095 lumen<br \/>\nIP: 23<br \/>\nBase: E27<br \/>\nCouleurs 3000K-4000K-6500K<\/p>\n<p><img decoding=\"async\" src=\"https:\/\/www.pesina.com.tr\/wp-content\/uploads\/2021\/10\/torchbulb2.webp\" alt=\"Ampoules Led2\" width=\"279\" height=\"400\"><\/p>\n<h4>30W AMPOULE TORCHE-T30<\/h4>\n<p>V: 220V-265V \/ 98X168mm<br \/>\nLm : 2098 lumen<br \/>\nIP: 23<br \/>\nBase: E27<br \/>\nCouleurs 3000K-4000K-6500K<\/p>\n<p><img decoding=\"async\" src=\"https:\/\/www.pesina.com.tr\/wp-content\/uploads\/2021\/10\/torchbulb2.webp\" alt=\"Ampoules Led2\" width=\"279\" height=\"400\"><\/p>\n<h4>40W AMPOULE TORCHE-T40<\/h4>\n<p>V : 220 V-265 V \/ 115 x 185 mm<br \/>\nLm : 3668 lumen<br \/>\nIP: 23<br \/>\nBase: E27<br \/>\nCouleurs 3000K-4000K-6500K<\/p>\n<p><a href=\"https:\/\/www.pesina.com.tr\/wp-content\/uploads\/2023\/11\/led_lamps.pdf\">V\u00e9rifier les autres<\/a><br \/>\n<a href=\"https:\/\/www.pesina.com.tr\/fr\/contacter\/\">Nous Contacter<\/a><\/p>\n<p>Si vous utilisez encore des ampoules \u00e0 incandescence ou halog\u00e8nes dans votre maison, vous passez \u00e0 c\u00f4t\u00e9 des nombreux avantages des ampoules LED. LED signifie diode \u00e9lectroluminescente, et c\u2019est un type de technologie d\u2019\u00e9clairage qui est plus \u00e9conome en \u00e9nergie, durable et polyvalent que les ampoules traditionnelles. Dans cet article de blog, nous vous expliquerons pourquoi vous devriez passer aux ampoules LED aujourd\u2019hui et comment choisir les meilleures pour vos besoins.<\/p>\n<h2>Avantages des ampoules LED<\/h2>\n<p>L<a href=\"https:\/\/en.wikipedia.org\/wiki\/LED_lamp\" target=\"_blank\" rel=\"noopener\">Les ampoules ED<\/a> pr\u00e9sentent de nombreux avantages par rapport aux ampoules \u00e0 incandescence ou halog\u00e8nes, tels que :<\/p>\n<p>&#8211; Efficacit\u00e9 \u00e9nerg\u00e9tique: Les ampoules LED consomment jusqu\u2019\u00e0 90% moins d\u2019\u00e9nergie que les ampoules \u00e0 incandescence et jusqu\u2019\u00e0 50% moins que les ampoules halog\u00e8nes. Cela signifie qu\u2019ils peuvent vous faire \u00e9conomiser de l\u2019argent sur vos factures d\u2019\u00e9lectricit\u00e9 et r\u00e9duire votre empreinte carbone. Selon l\u2019Energy Saving Trust, le remplacement de toutes les ampoules halog\u00e8nes de votre maison par des LED pourrait vous faire \u00e9conomiser 35 \u00a3 par an en moyenne.<\/p>\n<p>&#8211; Long\u00e9vit\u00e9: Les ampoules LED durent beaucoup plus longtemps que les ampoules \u00e0 incandescence ou halog\u00e8nes. Elles peuvent durer jusqu\u2019\u00e0 25 000 heures ou plus, comparativement \u00e0 1 000 heures pour les ampoules \u00e0 incandescence et \u00e0 2 000 heures pour les ampoules halog\u00e8nes. Cela signifie que vous n\u2019avez pas \u00e0 les remplacer aussi souvent, ce qui vous permet d\u2019\u00e9conomiser du temps et de l\u2019argent. L\u2019Energy Saving Trust estime que le passage aux LED pourrait vous faire \u00e9conomiser 100 \u00a3 sur la dur\u00e9e de vie de chaque ampoule.<\/p>\n<p>&#8211; Qualit\u00e9: Les ampoules LED produisent une lumi\u00e8re de haute qualit\u00e9, brillante, claire et constante. Ils ont \u00e9galement un indice de rendu des couleurs (IRC) \u00e9lev\u00e9, ce qui signifie qu\u2019ils peuvent afficher les couleurs avec pr\u00e9cision et vivacit\u00e9. Les ampoules LED peuvent \u00e9galement \u00eatre dimmables, changer de couleur ou \u00eatre intelligentes, ce qui vous donne plus de contr\u00f4le et de flexibilit\u00e9 sur votre \u00e9clairage.<\/p>\n<p>&#8211; S\u00e9curit\u00e9: Les ampoules LED sont plus s\u00fbres que les ampoules \u00e0 incandescence ou halog\u00e8nes car elles g\u00e9n\u00e8rent moins de chaleur et ne contiennent pas de mercure ou d\u2019autres substances nocives. Ils n\u2019\u00e9mettent pas non plus de rayonnement ultraviolet (UV) ou infrarouge (IR), qui peut endommager votre peau, vos yeux ou vos tissus. Les ampoules LED sont \u00e9galement plus r\u00e9sistantes aux chocs, aux vibrations et aux changements de temp\u00e9rature, ce qui les rend plus fiables et durables.<\/p>\n","protected":false},"excerpt":{"rendered":"<p>AMPOULES LED Passer \u00e0 l\u2019\u00e9conomie d\u2019\u00e9nergie Les ampoules LED et les ampoules torche sont des lampes \u00e9co\u00e9nerg\u00e9tiques et \u00e9conomiques. Vous pouvez maintenant trouver diff\u00e9rents lumens et couleurs dans notre collection. Ampoule Led 7W -A007 V : 220 V-265 V Lm : 560 lumens IP: 23 Base: E27 Couleurs 3000K-4000K-6500K Ampoule LED 9W -A009 V :&#8230;<\/p>\n","protected":false},"author":1,"featured_media":0,"parent":0,"menu_order":1,"comment_status":"closed","ping_status":"closed","template":"","meta":{"_seopress_robots_primary_cat":"","_seopress_titles_title":"%%post_title%% %%sep%% Achater en gros de Pesina Turquie #1","_seopress_titles_desc":"Les Ampoules LED sont des lampes \u00e9conomiques et \u00e9conomes en \u00e9nergie. Vous pouvez maintenant trouver diff\u00e9rents lumens et couleurs dans notre collection. Nous contacter","_seopress_robots_index":"","_kad_post_transparent":"","_kad_post_title":"","_kad_post_layout":"","_kad_post_sidebar_id":"","_kad_post_content_style":"","_kad_post_vertical_padding":"","_kad_post_feature":"","_kad_post_feature_position":"","_kad_post_header":false,"_kad_post_footer":false,"_kad_post_classname":"","footnotes":""},"class_list":["post-4114","page","type-page","status-publish","hentry"],"_links":{"self":[{"href":"https:\/\/www.pesina.com.tr\/fr\/wp-json\/wp\/v2\/pages\/4114","targetHints":{"allow":["GET"]}}],"collection":[{"href":"https:\/\/www.pesina.com.tr\/fr\/wp-json\/wp\/v2\/pages"}],"about":[{"href":"https:\/\/www.pesina.com.tr\/fr\/wp-json\/wp\/v2\/types\/page"}],"author":[{"embeddable":true,"href":"https:\/\/www.pesina.com.tr\/fr\/wp-json\/wp\/v2\/users\/1"}],"replies":[{"embeddable":true,"href":"https:\/\/www.pesina.com.tr\/fr\/wp-json\/wp\/v2\/comments?post=4114"}],"version-history":[{"count":1,"href":"https:\/\/www.pesina.com.tr\/fr\/wp-json\/wp\/v2\/pages\/4114\/revisions"}],"predecessor-version":[{"id":8856,"href":"https:\/\/www.pesina.com.tr\/fr\/wp-json\/wp\/v2\/pages\/4114\/revisions\/8856"}],"wp:attachment":[{"href":"https:\/\/www.pesina.com.tr\/fr\/wp-json\/wp\/v2\/media?parent=4114"}],"curies":[{"name":"wp","href":"https:\/\/api.w.org\/{rel}","templated":true}]}}