{"id":9005,"date":"2025-08-29T08:32:59","date_gmt":"2025-08-29T08:32:59","guid":{"rendered":"https:\/\/www.pesina.com.tr\/baldosas-ceramicas-premium\/"},"modified":"2025-08-29T08:33:01","modified_gmt":"2025-08-29T08:33:01","slug":"baldosas-ceramicas-premium","status":"publish","type":"page","link":"https:\/\/www.pesina.com.tr\/es\/baldosas-ceramicas-premium\/","title":{"rendered":"Baldosas cer\u00e1micas premium"},"content":{"rendered":"\t\t<div data-elementor-type=\"wp-page\" data-elementor-id=\"9005\" class=\"elementor elementor-9005 elementor-4315\">\n\t\t\t\t\t\t<section class=\"elementor-section elementor-top-section elementor-element elementor-element-48f43b95 elementor-section-boxed elementor-section-height-default elementor-section-height-default\" data-id=\"48f43b95\" data-element_type=\"section\" data-e-type=\"section\">\n\t\t\t\t\t\t<div class=\"elementor-container elementor-column-gap-default\">\n\t\t\t\t\t<div class=\"elementor-column elementor-col-100 elementor-top-column elementor-element elementor-element-12172f75\" data-id=\"12172f75\" data-element_type=\"column\" data-e-type=\"column\" data-settings=\"{&quot;background_background&quot;:&quot;gradient&quot;}\">\n\t\t\t<div class=\"elementor-widget-wrap elementor-element-populated\">\n\t\t\t\t\t\t<section class=\"elementor-section elementor-inner-section elementor-element elementor-element-d9fa850 elementor-section-boxed elementor-section-height-default elementor-section-height-default\" data-id=\"d9fa850\" data-element_type=\"section\" data-e-type=\"section\">\n\t\t\t\t\t\t<div class=\"elementor-container elementor-column-gap-default\">\n\t\t\t\t\t<div class=\"elementor-column elementor-col-100 elementor-inner-column elementor-element elementor-element-42b0a1f\" data-id=\"42b0a1f\" data-element_type=\"column\" data-e-type=\"column\">\n\t\t\t<div class=\"elementor-widget-wrap elementor-element-populated\">\n\t\t\t\t\t\t<div class=\"elementor-element elementor-element-86bfc5e elementor-widget elementor-widget-heading\" data-id=\"86bfc5e\" data-element_type=\"widget\" data-e-type=\"widget\" data-widget_type=\"heading.default\">\n\t\t\t\t<div class=\"elementor-widget-container\">\n\t\t\t\t\t<h2 class=\"elementor-heading-title elementor-size-default\">Azulejos que m\u00e1s te convengan<\/h2>\t\t\t\t<\/div>\n\t\t\t\t<\/div>\n\t\t\t\t\t<\/div>\n\t\t<\/div>\n\t\t\t\t\t<\/div>\n\t\t<\/section>\n\t\t\t\t<div class=\"elementor-element elementor-element-18000d81 elementor-widget elementor-widget-text-editor\" data-id=\"18000d81\" data-element_type=\"widget\" data-e-type=\"widget\" data-widget_type=\"text-editor.default\">\n\t\t\t\t<div class=\"elementor-widget-container\">\n\t\t\t\t\t\t\t\t\t<div class=\"wp-block-kadence-column kadence-column_886bef-e6 inner-column-1\"><div class=\"kt-inside-inner-col\"><div class=\"wp-block-kadence-column kadence-column_d3cb1c-86 inner-column-1\"><div class=\"kt-inside-inner-col\"> <\/div><\/div><\/div><\/div><div class=\"wp-block-kadence-column kadence-column_159cc7-ed inner-column-1\"><div class=\"kt-inside-inner-col\"><div class=\"wp-block-kadence-spacer aligncenter kt-block-spacer-_098d3b-33\"><div class=\"kt-block-spacer kt-block-spacer-halign-center\"><hr class=\"kt-divider\"><\/div><\/div><p>Bienvenido a nuestra colecci\u00f3n de baldosas cer\u00e1micas premium, dise\u00f1adas para elevar cualquier espacio con su belleza y durabilidad atemporales. Nuestras baldosas cer\u00e1micas est\u00e1n fabricadas con los mejores materiales y est\u00e1n disponibles en una variedad de estilos, tama\u00f1os y colores para satisfacer sus necesidades espec\u00edficas. <\/p><p>Nuestras baldosas cer\u00e1micas son la elecci\u00f3n perfecta para \u00e1reas de alto tr\u00e1nsito, ya que son incre\u00edblemente duraderas y resistentes a rayones y manchas. Ofrecemos una amplia gama de azulejos que son perfectos para a\u00f1adir un toque de elegancia a cualquier estancia. Nuestras baldosas no solo son hermosas, sino tambi\u00e9n antideslizantes y resistentes al agua, lo que las hace perfectas para usar en ba\u00f1os y cocinas.  <\/p><p>\u00bfBuscas azulejos que hagan una declaraci\u00f3n? Nuestros mosaicos est\u00e1n disponibles en una variedad de patrones y colores, y se pueden usar para crear impresionantes paredes decorativas y salpicaderos. Si prefiere un aspecto m\u00e1s cl\u00e1sico, nuestros azulejos de metro son una opci\u00f3n popular tanto para espacios residenciales como comerciales.  <\/p><p>En Pesina, nos enorgullecemos de nuestro compromiso con la sostenibilidad. Nuestros azulejos ecol\u00f3gicos se fabrican utilizando procesos de fabricaci\u00f3n responsables con el medio ambiente y est\u00e1n disponibles en una variedad de estilos y colores. <\/p><p>Cont\u00e1ctenos hoy para obtener m\u00e1s informaci\u00f3n sobre nuestra colecci\u00f3n de baldosas cer\u00e1micas de primera calidad y perm\u00edtanos ayudarlo a encontrar las baldosas perfectas para su pr\u00f3ximo proyecto.<\/p><\/div><\/div><div class=\"wp-block-kadence-column kadence-column_272d5d-e0 inner-column-1\"><div class=\"kt-inside-inner-col\"><div class=\"wp-block-kadence-spacer aligncenter kt-block-spacer-_d5bc55-7c\"><div class=\"kt-block-spacer kt-block-spacer-halign-center\"><hr class=\"kt-divider\"><\/div><\/div><h1>Baldosas Cer\u00e1micas con Calidad Premium<\/h1><h3 id=\"what-is-ceramic-tile\" class=\"kt-adv-heading_10c74c-72 wp-block-kadence-advancedheading\" data-kb-block=\"kb-adv-heading_10c74c-72\"><a href=\"#what-is-ceramic-tile\">\u00bfQu\u00e9 es la baldosa cer\u00e1mica?<\/a><\/h3><p>Las baldosas cer\u00e1micas son un tipo de opci\u00f3n de piso duradera y vers\u00e1til que se compone de arcilla, arena y otros materiales naturales. Estas mezclas se moldean y luego se cuecen a altas temperaturas que oscilan entre 1000 \u00b0 C y 1250 \u00b0 C, seg\u00fan el tipo de baldosa. En Pesina Ltd., nos especializamos en ofrecer una amplia gama de baldosas cer\u00e1micas de primera calidad que son perfectas para su uso en entornos residenciales y comerciales.  <\/p><p>Las baldosas cer\u00e1micas son uno de los productos humanos m\u00e1s antiguos y se han utilizado durante miles de a\u00f1os. No solo se utilizan como suelos, sino tambi\u00e9n para utensilios de cocina, elementos de ba\u00f1o, materiales tipo ladrillo y m\u00e1s. Nuestras baldosas cer\u00e1micas vienen en una variedad de estilos, colores y tama\u00f1os, lo que facilita encontrar el ajuste perfecto para su proyecto.  <\/p><p>Una de las ventajas m\u00e1s significativas de las baldosas cer\u00e1micas es su durabilidad. No se disuelven ni cambian, ni siquiera en contacto con el agua o la mayor\u00eda de los materiales qu\u00edmicos. Adem\u00e1s, su dureza y resistencia mec\u00e1nica los hacen capaces de soportar cargas relativamente pesadas. Sin embargo, es importante tener en cuenta que las baldosas cer\u00e1micas son, en \u00faltima instancia, un material de revestimiento y requieren una evaluaci\u00f3n en estrecha relaci\u00f3n con la estructura b\u00e1sica sobre la que se aplican.   <\/p><p>Si est\u00e1 buscando una opci\u00f3n de piso que sea contempor\u00e1nea e innovadora y, al mismo tiempo, duradera y f\u00e1cil de mantener, nuestras baldosas cer\u00e1micas premium son la elecci\u00f3n perfecta. <a href=\"https:\/\/www.pesina.com.tr\/contact\/\" data-type=\"page\" data-id=\"2664\">Cont\u00e1ctenos<\/a> hoy para obtener m\u00e1s informaci\u00f3n sobre nuestros productos y servicios.<\/p><h3 class=\"kt-adv-heading_d1fd3d-4c wp-block-kadence-advancedheading\" data-kb-block=\"kb-adv-heading_d1fd3d-4c\"> <\/h3><\/div><\/div><div class=\"wp-block-kadence-column kadence-column_a4e035-1f inner-column-1\"><div class=\"kt-inside-inner-col\"><div class=\"wp-block-kadence-spacer aligncenter kt-block-spacer-_431de3-3a\"><div class=\"kt-block-spacer kt-block-spacer-halign-center\"><hr class=\"kt-divider\"><\/div><\/div><\/div><\/div><div class=\"wp-block-buttons\"><div id=\"Ceramic_catalog\" class=\"wp-block-button\"><a class=\"wp-block-button__link wp-element-button\" href=\"https:\/\/www.pesina.com.tr\/wp-content\/uploads\/2024\/09\/PSN_BN_2024_CTLG.pdf\" target=\"_blank\" rel=\"noreferrer noopener\">Descargar cat\u00e1logo<\/a><\/div><\/div><div class=\"wp-block-kadence-column kadence-column_88bc85-b5 inner-column-1\"><div class=\"kt-inside-inner-col\"><h3 class=\"kt-adv-heading_d96337-3c wp-block-kadence-advancedheading\" data-kb-block=\"kb-adv-heading_d96337-3c\">Defender la calidad; Baldosas cer\u00e1micas italianas y baldosas cer\u00e1micas turcas<\/h3><p>En Pesina Ltd., creemos que las baldosas cer\u00e1micas son m\u00e1s que una opci\u00f3n de piso funcional; son un reflejo de tu estilo y gusto. Es por eso que estamos orgullosos de ofrecer una amplia selecci\u00f3n de baldosas cer\u00e1micas italianas y turcas que son est\u00e9ticamente agradables y duraderas. <\/p><p>Las baldosas cer\u00e1micas italianas son famosas por su belleza y elegancia. Con sus dise\u00f1os \u00fanicos y patrones intrincados, pueden transformar cualquier espacio en una obra de arte. Al mismo tiempo, tambi\u00e9n son incre\u00edblemente duraderos, capaces de soportar el tr\u00e1fico pesado y el desgaste.  <\/p><p>Mientras tanto, las baldosas cer\u00e1micas de Turqu\u00eda son igualmente impresionantes, con sus materiales naturales y su calidad excepcional. Turqu\u00eda ha sido bendecida con una rica fuente de materias primas que est\u00e1n perfectamente equilibradas para fabricar baldosas de alta calidad despu\u00e9s del tratamiento t\u00e9rmico. A medida que m\u00e1s personas se dan cuenta de su calidad y durabilidad, la demanda de baldosas cer\u00e1micas turcas ha aumentado, lo que lleva a plazos de producci\u00f3n m\u00e1s largos.  <\/p><p>En Pesina Ltd., estamos comprometidos a entregar baldosas cer\u00e1micas turcas de la mejor calidad a nuestros clientes. Ya sea que est\u00e9 buscando azulejos que sean elegantes, duraderos o ambos, nuestra amplia selecci\u00f3n tiene algo para todos los gustos y presupuestos. Cont\u00e1ctenos hoy para obtener m\u00e1s informaci\u00f3n sobre nuestros productos y servicios  <\/p><\/div><\/div><div class=\"wp-block-kadence-column kadence-column_b487be-41 inner-column-2\"><div class=\"kt-inside-inner-col\"><div class=\"wp-block-kadence-infobox kt-info-box_1b9aa8-89\"><div class=\"kt-infobox-textcontent\"><h3 class=\"kt-blocks-info-box-title\">Baldosas cer\u00e1micas<\/h3><p class=\"kt-blocks-info-box-text\">Las dimensiones de los suelos cer\u00e1micos var\u00edan entre 30&#215;60, 48&#215;48 y 30x80cm, 60x120cm y 120x180cm.<\/p><\/div><\/div><div class=\"wp-block-kadence-infobox kt-info-box_89cfc6-37\"><div class=\"kt-infobox-textcontent\"><h3 class=\"kt-blocks-info-box-title\">Revestimiento<\/h3><p class=\"kt-blocks-info-box-text\">Las paredes de baldosas cer\u00e1micas tienen unas dimensiones de 30&#215;60, 50&#215;50 y 30x80cm<\/p><\/div><\/div><div class=\"wp-block-kadence-infobox kt-info-box_731086-2e\"><div class=\"kt-infobox-textcontent\"><h4 class=\"kt-blocks-info-box-title\">Azulejo cer\u00e1mico con aspecto de madera<\/h4><p class=\"kt-blocks-info-box-text\">Las baldosas cer\u00e1micas con aspecto de madera o, en otras palabras, las baldosas cer\u00e1micas que parecen madera son muy comunes aquellos que quieren la belleza de la madera con las fuertes propiedades de durabilidad, usabilidad y tambi\u00e9n una soluci\u00f3n m\u00e1s econ\u00f3mica preservando la vida verde.<\/p><\/div><\/div><\/div><\/div>\t\t\t\t\t\t\t\t<\/div>\n\t\t\t\t<\/div>\n\t\t\t\t<div class=\"elementor-element elementor-element-437d9e9 elementor-button-success elementor-widget elementor-widget-button\" data-id=\"437d9e9\" data-element_type=\"widget\" data-e-type=\"widget\" data-widget_type=\"button.default\">\n\t\t\t\t<div class=\"elementor-widget-container\">\n\t\t\t\t\t\t\t\t\t<div class=\"elementor-button-wrapper\">\n\t\t\t\t\t<a class=\"elementor-button elementor-button-link elementor-size-md\" href=\"https:\/\/www.pesina.com.tr\/porcelain-tile-flooring\/\">\n\t\t\t\t\t\t<span class=\"elementor-button-content-wrapper\">\n\t\t\t\t\t\t\t\t\t<span class=\"elementor-button-text\">Haga clic aqu\u00ed para ver el gres porcel\u00e1nico<\/span>\n\t\t\t\t\t<\/span>\n\t\t\t\t\t<\/a>\n\t\t\t\t<\/div>\n\t\t\t\t\t\t\t\t<\/div>\n\t\t\t\t<\/div>\n\t\t\t\t<section class=\"elementor-section elementor-inner-section elementor-element elementor-element-ce2a801 elementor-section-boxed elementor-section-height-default elementor-section-height-default\" data-id=\"ce2a801\" data-element_type=\"section\" data-e-type=\"section\">\n\t\t\t\t\t\t<div class=\"elementor-container elementor-column-gap-default\">\n\t\t\t\t\t<div class=\"elementor-column elementor-col-50 elementor-inner-column elementor-element elementor-element-29b15b0\" data-id=\"29b15b0\" data-element_type=\"column\" data-e-type=\"column\">\n\t\t\t<div class=\"elementor-widget-wrap elementor-element-populated\">\n\t\t\t\t\t\t<div class=\"elementor-element elementor-element-bcbc303 elementor-widget elementor-widget-image\" data-id=\"bcbc303\" data-element_type=\"widget\" data-e-type=\"widget\" data-widget_type=\"image.default\">\n\t\t\t\t<div class=\"elementor-widget-container\">\n\t\t\t\t\t\t\t\t\t\t\t\t\t\t\t<img fetchpriority=\"high\" decoding=\"async\" width=\"1024\" height=\"449\" src=\"https:\/\/cdn.pesina.com.tr\/wp-content\/uploads\/2021\/12\/ceramic_tiles_asya_floor-1024x449.webp\" class=\"attachment-large size-large wp-image-9007\" alt=\"ceramic floor tiles bedroom\" srcset=\"https:\/\/cdn.pesina.com.tr\/wp-content\/uploads\/2021\/12\/ceramic_tiles_asya_floor-1024x449.webp 1024w, https:\/\/cdn.pesina.com.tr\/wp-content\/uploads\/2021\/12\/ceramic_tiles_asya_floor-300x132.webp 300w, https:\/\/cdn.pesina.com.tr\/wp-content\/uploads\/2021\/12\/ceramic_tiles_asya_floor-768x337.webp 768w, https:\/\/cdn.pesina.com.tr\/wp-content\/uploads\/2021\/12\/ceramic_tiles_asya_floor.webp 1140w\" sizes=\"(max-width: 1024px) 100vw, 1024px\" \/>\t\t\t\t\t\t\t\t\t\t\t\t\t\t\t<\/div>\n\t\t\t\t<\/div>\n\t\t\t\t\t<\/div>\n\t\t<\/div>\n\t\t\t\t<div class=\"elementor-column elementor-col-50 elementor-inner-column elementor-element elementor-element-58f9e8f\" data-id=\"58f9e8f\" data-element_type=\"column\" data-e-type=\"column\">\n\t\t\t<div class=\"elementor-widget-wrap elementor-element-populated\">\n\t\t\t\t\t\t<div class=\"elementor-element elementor-element-1ed45ec elementor-widget elementor-widget-image\" data-id=\"1ed45ec\" data-element_type=\"widget\" data-e-type=\"widget\" data-widget_type=\"image.default\">\n\t\t\t\t<div class=\"elementor-widget-container\">\n\t\t\t\t\t\t\t\t\t\t\t\t\t\t\t<img decoding=\"async\" width=\"1024\" height=\"449\" src=\"https:\/\/cdn.pesina.com.tr\/wp-content\/uploads\/2021\/12\/ceramic_tiles_wall_living_room-1024x449.webp\" class=\"attachment-large size-large wp-image-9008\" alt=\"ceramic wall tiles living room\" srcset=\"https:\/\/cdn.pesina.com.tr\/wp-content\/uploads\/2021\/12\/ceramic_tiles_wall_living_room-1024x449.webp 1024w, https:\/\/cdn.pesina.com.tr\/wp-content\/uploads\/2021\/12\/ceramic_tiles_wall_living_room-300x132.webp 300w, https:\/\/cdn.pesina.com.tr\/wp-content\/uploads\/2021\/12\/ceramic_tiles_wall_living_room-768x337.webp 768w, https:\/\/cdn.pesina.com.tr\/wp-content\/uploads\/2021\/12\/ceramic_tiles_wall_living_room.webp 1140w\" sizes=\"(max-width: 1024px) 100vw, 1024px\" \/>\t\t\t\t\t\t\t\t\t\t\t\t\t\t\t<\/div>\n\t\t\t\t<\/div>\n\t\t\t\t\t<\/div>\n\t\t<\/div>\n\t\t\t\t\t<\/div>\n\t\t<\/section>\n\t\t\t\t\t<\/div>\n\t\t<\/div>\n\t\t\t\t\t<\/div>\n\t\t<\/section>\n\t\t\t\t<\/div>\n\t\t","protected":false},"excerpt":{"rendered":"<p>Azulejos que m\u00e1s te convengan Bienvenido a nuestra colecci\u00f3n de baldosas cer\u00e1micas premium, dise\u00f1adas para elevar cualquier espacio con su belleza y durabilidad atemporales. Nuestras baldosas cer\u00e1micas est\u00e1n fabricadas con los mejores materiales y est\u00e1n disponibles en una variedad de estilos, tama\u00f1os y colores para satisfacer sus necesidades espec\u00edficas. Nuestras baldosas cer\u00e1micas son la elecci\u00f3n&#8230;<\/p>\n","protected":false},"author":1,"featured_media":9009,"parent":0,"menu_order":0,"comment_status":"closed","ping_status":"closed","template":"","meta":{"_seopress_robots_primary_cat":"","_seopress_titles_title":"%%post_title%% %%sep%% Azulejos de Turqu\u00eda","_seopress_titles_desc":"Bienvenido a nuestra colecci\u00f3n de baldosas cer\u00e1micas premium de Turqu\u00eda, dise\u00f1adas para elevar cualquier espacio con su belleza y durabilidad atemporales. Ahora enviamos a todo el mundo. ","_seopress_robots_index":"","_kad_post_transparent":"","_kad_post_title":"","_kad_post_layout":"","_kad_post_sidebar_id":"","_kad_post_content_style":"","_kad_post_vertical_padding":"","_kad_post_feature":"","_kad_post_feature_position":"","_kad_post_header":false,"_kad_post_footer":false,"_kad_post_classname":"","footnotes":""},"class_list":["post-9005","page","type-page","status-publish","has-post-thumbnail","hentry"],"_links":{"self":[{"href":"https:\/\/www.pesina.com.tr\/es\/wp-json\/wp\/v2\/pages\/9005","targetHints":{"allow":["GET"]}}],"collection":[{"href":"https:\/\/www.pesina.com.tr\/es\/wp-json\/wp\/v2\/pages"}],"about":[{"href":"https:\/\/www.pesina.com.tr\/es\/wp-json\/wp\/v2\/types\/page"}],"author":[{"embeddable":true,"href":"https:\/\/www.pesina.com.tr\/es\/wp-json\/wp\/v2\/users\/1"}],"replies":[{"embeddable":true,"href":"https:\/\/www.pesina.com.tr\/es\/wp-json\/wp\/v2\/comments?post=9005"}],"version-history":[{"count":2,"href":"https:\/\/www.pesina.com.tr\/es\/wp-json\/wp\/v2\/pages\/9005\/revisions"}],"predecessor-version":[{"id":9011,"href":"https:\/\/www.pesina.com.tr\/es\/wp-json\/wp\/v2\/pages\/9005\/revisions\/9011"}],"wp:featuredmedia":[{"embeddable":true,"href":"https:\/\/www.pesina.com.tr\/es\/wp-json\/wp\/v2\/media\/9009"}],"wp:attachment":[{"href":"https:\/\/www.pesina.com.tr\/es\/wp-json\/wp\/v2\/media?parent=9005"}],"curies":[{"name":"wp","href":"https:\/\/api.w.org\/{rel}","templated":true}]}}