{"id":9599,"date":"2025-09-06T21:31:50","date_gmt":"2025-09-06T21:31:50","guid":{"rendered":"https:\/\/www.pesina.com.tr\/m%c9%99hsullar\/"},"modified":"2025-09-06T21:31:50","modified_gmt":"2025-09-06T21:31:50","slug":"m%c9%99hsullar","status":"publish","type":"page","link":"https:\/\/www.pesina.com.tr\/az\/m%c9%99hsullar\/","title":{"rendered":"M\u0259hsullar"},"content":{"rendered":"\t\t<div data-elementor-type=\"wp-page\" data-elementor-id=\"9599\" class=\"elementor elementor-9599 elementor-8768\">\n\t\t\t\t\t\t<section class=\"elementor-section elementor-top-section elementor-element elementor-element-74e622c3 elementor-section-boxed elementor-section-height-default elementor-section-height-default\" data-id=\"74e622c3\" data-element_type=\"section\" data-e-type=\"section\">\n\t\t\t\t\t\t<div class=\"elementor-container elementor-column-gap-default\">\n\t\t\t\t\t<div class=\"elementor-column elementor-col-100 elementor-top-column elementor-element elementor-element-19a1d8e0\" data-id=\"19a1d8e0\" data-element_type=\"column\" data-e-type=\"column\">\n\t\t\t<div class=\"elementor-widget-wrap elementor-element-populated\">\n\t\t\t\t\t\t<div class=\"elementor-element elementor-element-4886041c elementor-widget elementor-widget-text-editor\" data-id=\"4886041c\" data-element_type=\"widget\" data-e-type=\"widget\" data-widget_type=\"text-editor.default\">\n\t\t\t\t<div class=\"elementor-widget-container\">\n\t\t\t\t\t\t\t\t\tHamam D\u0259stl\u0259ri, LED \u0130\u015f\u0131qland\u0131rma v\u0259 Sandwich Panell\u0259r daxil olmaqla m\u0259hsul kateqoriyalar\u0131m\u0131za g\u00f6z g\u0259zdirin\t\t\t\t\t\t\t\t<\/div>\n\t\t\t\t<\/div>\n\t\t\t\t\t<\/div>\n\t\t<\/div>\n\t\t\t\t\t<\/div>\n\t\t<\/section>\n\t\t\t\t<section class=\"elementor-section elementor-top-section elementor-element elementor-element-9d7c4ec elementor-section-boxed elementor-section-height-default elementor-section-height-default\" data-id=\"9d7c4ec\" data-element_type=\"section\" data-e-type=\"section\">\n\t\t\t\t\t\t<div class=\"elementor-container elementor-column-gap-default\">\n\t\t\t\t\t<div class=\"elementor-column elementor-col-100 elementor-top-column elementor-element elementor-element-11a36cd\" data-id=\"11a36cd\" data-element_type=\"column\" data-e-type=\"column\">\n\t\t\t<div class=\"elementor-widget-wrap elementor-element-populated\">\n\t\t\t\t\t\t<div class=\"elementor-element elementor-element-0c1cdf1 elementor-widget__width-initial elementor-widget elementor-widget-shortcode\" data-id=\"0c1cdf1\" data-element_type=\"widget\" data-e-type=\"widget\" data-widget_type=\"shortcode.default\">\n\t\t\t\t<div class=\"elementor-widget-container\">\n\t\t\t\t\t\t\t<div class=\"elementor-shortcode\"><div class=\"pesina-grid\" style=\"--cols:4\"><a class=\"pesina-card\" href=\"https:\/\/www.pesina.com.tr\/products\/bathroom-units-export\/\" aria-label=\"Bathroom Units\"><img decoding=\"async\" src=\"https:\/\/cdn.pesina.com.tr\/wp-content\/uploads\/2025\/08\/Marble-look-60x60-porcelain-tiles-1024x683.webp\" alt=\"Bathroom Units\" loading=\"lazy\" class=\"pesina-img\" \/><span class=\"pesina-title\">Bathroom Units<\/span><\/a><a class=\"pesina-card\" href=\"https:\/\/www.pesina.com.tr\/az\/\" aria-label=\"Porcelain Tiles\"><img decoding=\"async\" src=\"https:\/\/cdn.pesina.com.tr\/wp-content\/uploads\/2025\/08\/120x180cm-large-format-porcelain-tile.webp\" alt=\"Porcelain Tiles\" loading=\"lazy\" class=\"pesina-img\" \/><span class=\"pesina-title\">Porcelain Tiles<\/span><\/a><a class=\"pesina-card\" href=\"https:\/\/www.pesina.com.tr\/az\/sendvic-paneli-dam-divar-ortuyu\/\" aria-label=\"Sandwich Panels\"><img decoding=\"async\" src=\"https:\/\/cdn.pesina.com.tr\/wp-content\/uploads\/2022\/10\/Sandvicpanel1.webp\" alt=\"Sandwich Panels\" loading=\"lazy\" class=\"pesina-img\" \/><span class=\"pesina-title\">Sandwich Panels<\/span><\/a><a class=\"pesina-card\" href=\"https:\/\/www.pesina.com.tr\/az\/keyfiyy%c9%99tli-tikinti-ehtiyatlari\/\" aria-label=\"Metal Studs &amp; Sheating\"><img decoding=\"async\" src=\"https:\/\/cdn.pesina.com.tr\/wp-content\/uploads\/2025\/09\/building_materials_export_turkey_to_congo-1-1024x761.webp\" alt=\"Metal Studs &amp; Sheating\" loading=\"lazy\" class=\"pesina-img\" \/><span class=\"pesina-title\">Metal Studs &amp; Sheating<\/span><\/a><\/div>\n<\/div>\n\t\t\t\t\t\t<\/div>\n\t\t\t\t<\/div>\n\t\t\t\t\t<\/div>\n\t\t<\/div>\n\t\t\t\t\t<\/div>\n\t\t<\/section>\n\t\t\t\t<\/div>\n\t\t","protected":false},"excerpt":{"rendered":"<p>Hamam D\u0259stl\u0259ri, LED \u0130\u015f\u0131qland\u0131rma v\u0259 Sandwich Panell\u0259r daxil olmaqla m\u0259hsul kateqoriyalar\u0131m\u0131za g\u00f6z g\u0259zdirin<\/p>\n","protected":false},"author":1,"featured_media":0,"parent":0,"menu_order":0,"comment_status":"closed","ping_status":"closed","template":"","meta":{"_seopress_robots_primary_cat":"","_seopress_titles_title":"","_seopress_titles_desc":"","_seopress_robots_index":"","_kad_post_transparent":"","_kad_post_title":"","_kad_post_layout":"","_kad_post_sidebar_id":"","_kad_post_content_style":"","_kad_post_vertical_padding":"","_kad_post_feature":"","_kad_post_feature_position":"","_kad_post_header":false,"_kad_post_footer":false,"_kad_post_classname":"","footnotes":""},"class_list":["post-9599","page","type-page","status-publish","hentry"],"_links":{"self":[{"href":"https:\/\/www.pesina.com.tr\/az\/wp-json\/wp\/v2\/pages\/9599","targetHints":{"allow":["GET"]}}],"collection":[{"href":"https:\/\/www.pesina.com.tr\/az\/wp-json\/wp\/v2\/pages"}],"about":[{"href":"https:\/\/www.pesina.com.tr\/az\/wp-json\/wp\/v2\/types\/page"}],"author":[{"embeddable":true,"href":"https:\/\/www.pesina.com.tr\/az\/wp-json\/wp\/v2\/users\/1"}],"replies":[{"embeddable":true,"href":"https:\/\/www.pesina.com.tr\/az\/wp-json\/wp\/v2\/comments?post=9599"}],"version-history":[{"count":1,"href":"https:\/\/www.pesina.com.tr\/az\/wp-json\/wp\/v2\/pages\/9599\/revisions"}],"predecessor-version":[{"id":9600,"href":"https:\/\/www.pesina.com.tr\/az\/wp-json\/wp\/v2\/pages\/9599\/revisions\/9600"}],"wp:attachment":[{"href":"https:\/\/www.pesina.com.tr\/az\/wp-json\/wp\/v2\/media?parent=9599"}],"curies":[{"name":"wp","href":"https:\/\/api.w.org\/{rel}","templated":true}]}}