{"id":5448,"date":"2022-10-16T17:48:37","date_gmt":"2022-10-16T17:48:37","guid":{"rendered":"https:\/\/www.pesina.com.tr\/turk-keramik-kir%c9%99mitl%c9%99ri\/"},"modified":"2024-02-23T19:04:43","modified_gmt":"2024-02-23T19:04:43","slug":"turk-keramik-kir%c9%99mitl%c9%99ri","status":"publish","type":"page","link":"https:\/\/www.pesina.com.tr\/az\/turk-keramik-kir%c9%99mitl%c9%99ri\/","title":{"rendered":"G\u00f6z Ox\u015fayan Metlaxlar"},"content":{"rendered":"\t\t<div data-elementor-type=\"wp-page\" data-elementor-id=\"5448\" class=\"elementor elementor-5448 elementor-4315\">\n\t\t\t\t\t\t<section class=\"elementor-section elementor-top-section elementor-element elementor-element-48f43b95 elementor-section-boxed elementor-section-height-default elementor-section-height-default\" data-id=\"48f43b95\" data-element_type=\"section\" data-e-type=\"section\">\n\t\t\t\t\t\t<div class=\"elementor-container elementor-column-gap-default\">\n\t\t\t\t\t<div class=\"elementor-column elementor-col-100 elementor-top-column elementor-element elementor-element-12172f75\" data-id=\"12172f75\" data-element_type=\"column\" data-e-type=\"column\" data-settings=\"{&quot;background_background&quot;:&quot;gradient&quot;}\">\n\t\t\t<div class=\"elementor-widget-wrap elementor-element-populated\">\n\t\t\t\t\t\t<section class=\"elementor-section elementor-inner-section elementor-element elementor-element-d9fa850 elementor-section-boxed elementor-section-height-default elementor-section-height-default\" data-id=\"d9fa850\" data-element_type=\"section\" data-e-type=\"section\">\n\t\t\t\t\t\t<div class=\"elementor-container elementor-column-gap-default\">\n\t\t\t\t\t<div class=\"elementor-column elementor-col-100 elementor-inner-column elementor-element elementor-element-42b0a1f\" data-id=\"42b0a1f\" data-element_type=\"column\" data-e-type=\"column\">\n\t\t\t<div class=\"elementor-widget-wrap elementor-element-populated\">\n\t\t\t\t\t\t<div class=\"elementor-element elementor-element-86bfc5e elementor-widget elementor-widget-heading\" data-id=\"86bfc5e\" data-element_type=\"widget\" data-e-type=\"widget\" data-widget_type=\"heading.default\">\n\t\t\t\t<div class=\"elementor-widget-container\">\n\t\t\t\t\t<h2 class=\"elementor-heading-title elementor-size-default\">Siz\u0259 \u0259n \u00e7ox yara\u015fan kafell\u0259r<\/h2>\t\t\t\t<\/div>\n\t\t\t\t<\/div>\n\t\t\t\t\t<\/div>\n\t\t<\/div>\n\t\t\t\t\t<\/div>\n\t\t<\/section>\n\t\t\t\t<div class=\"elementor-element elementor-element-18000d81 elementor-widget elementor-widget-text-editor\" data-id=\"18000d81\" data-element_type=\"widget\" data-e-type=\"widget\" data-widget_type=\"text-editor.default\">\n\t\t\t\t<div class=\"elementor-widget-container\">\n\t\t\t\t\t\t\t\t\t<div class=\"wp-block-kadence-column kadence-column_886bef-e6 inner-column-1\">\n<div class=\"kt-inside-inner-col\">\n<div class=\"wp-block-kadence-column kadence-column_d3cb1c-86 inner-column-1\">\n<div class=\"kt-inside-inner-col\"> <\/div>\n<\/div>\n<\/div>\n<\/div>\n<div class=\"wp-block-kadence-column kadence-column_159cc7-ed inner-column-1\">\n<div class=\"kt-inside-inner-col\">\n<div class=\"wp-block-kadence-spacer aligncenter kt-block-spacer-_098d3b-33\">\n<div class=\"kt-block-spacer kt-block-spacer-halign-center\">\n<hr class=\"kt-divider\"><\/div>\n<\/div>\n<p>Vaxts\u0131z g\u00f6z\u0259llikl\u0259ri v\u0259 davaml\u0131l\u0131\u011f\u0131 il\u0259 ist\u0259nil\u0259n yeri ucaltmaq \u00fc\u00e7\u00fcn n\u0259z\u0259rd\u0259 tutulmu\u015f, evl\u0259rin dizayn\u0131na uy\u011fun bir \u015f\u0259kild\u0259 se\u00e7ildikd\u0259 x\u00fcsusi g\u00f6z\u0259llik b\u0259x\u015f eden kolleksiyam\u0131za xo\u015f g\u0259lmisiniz. Keramik plitl\u0259r v\u0259 keramoqranitl\u0259r \u0259n g\u00f6z\u0259l materiallardan haz\u0131rlanm\u0131\u015f v\u0259 sizin x\u00fcsusi ehtiyaclar\u0131n\u0131z\u0131 qar\u015f\u0131lamaq \u00fc\u00e7\u00fcn m\u00fcxt\u0259lif \u00fcslublarda, \u00f6l\u00e7\u00fcl\u0259rd\u0259 v\u0259 r\u0259ngl\u0259rd\u0259 m\u00f6vcuddur.<\/p>\n<p>Bizim keramik kir\u0259mitl\u0259rimiz y\u00fcks\u0259k n\u0259qliyyat sah\u0259l\u0259ri \u00fc\u00e7\u00fcn m\u00fck\u0259mm\u0259l se\u00e7imdir, bel\u0259 ki, onlar olduqca davaml\u0131d\u0131r v\u0259 c\u0131z\u0131qlara v\u0259 l\u0259k\u0259l\u0259r\u0259 qar\u015f\u0131 davaml\u0131d\u0131r. H\u0259r hans\u0131 bir ota\u011fa z\u0259riflik toxunu\u015fu \u0259lav\u0259 etm\u0259k \u00fc\u00e7\u00fcn m\u00fck\u0259mm\u0259l olan geni\u015f kir\u0259mitl\u0259r t\u0259klif edirik. Metlaxlar g\u00f6z\u0259l olmaqla yana\u015f\u0131, h\u0259m d\u0259 s\u00fcr\u00fc\u015fm\u0259y\u0259 davaml\u0131 v\u0259 suya davaml\u0131d\u0131r. Bu is\u0259 onlar\u0131 hamam v\u0259 m\u0259tb\u0259xl\u0259rd\u0259 istifad\u0259 \u00fc\u00e7\u00fcn m\u00fck\u0259mm\u0259l edir.<\/p>\n<p>G\u00f6z ox\u015fayan keramik plitl\u0259ri axtar\u0131rsan? Bizim mozaika kir\u0259mitl\u0259rimiz m\u00fcxt\u0259lif nax\u0131\u015flar v\u0259 r\u0259ngl\u0259rd\u0259 m\u00f6vcuddur, v\u0259 \u00e7arp\u0131c\u0131 aksent divarlar\u0131 v\u0259 arxal\u0131qlar yaratmaq \u00fc\u00e7\u00fcn istifad\u0259 oluna bil\u0259r. Daha klassik g\u00f6r\u00fcn\u00fc\u015f\u0259 \u00fcst\u00fcnl\u00fck verirsinizs\u0259, metro kir\u0259mitl\u0259rimiz h\u0259m ya\u015fay\u0131\u015f, h\u0259m d\u0259 kommersiya m\u0259kanlar\u0131 \u00fc\u00e7\u00fcn populyar se\u00e7imdir.<\/p>\n<p>Pesinada biz davaml\u0131l\u0131q s\u0259daq\u0259timizl\u0259 f\u0259xr edirik. Bizim eko-dost kir\u0259mitl\u0259rimiz \u0259traf m\u00fchit\u0259 cavabdeh istehsal prosesl\u0259rind\u0259n istifad\u0259 etm\u0259kl\u0259 haz\u0131rlan\u0131r v\u0259 m\u00fcxt\u0259lif \u00fcslub v\u0259 r\u0259ngl\u0259rd\u0259 m\u00f6vcuddur.<\/p>\n<p>Premium keramik kir\u0259mit kolleksiyam\u0131z haqq\u0131nda \u0259trafl\u0131 m\u0259lumat almaq \u00fc\u00e7\u00fcn bu g\u00fcn biziml\u0259 \u0259laq\u0259 saxlay\u0131n. N\u00f6vb\u0259ti layih\u0259niz \u00fc\u00e7\u00fcn m\u00fck\u0259mm\u0259l kir\u0259mitl\u0259ri tapmaqda siz\u0259 k\u00f6m\u0259k ed\u0259k.<\/p>\n<\/div>\n<\/div>\n<div class=\"wp-block-kadence-column kadence-column_272d5d-e0 inner-column-1\">\n<div class=\"kt-inside-inner-col\">\n<div class=\"wp-block-kadence-spacer aligncenter kt-block-spacer-_d5bc55-7c\">\n<div class=\"kt-block-spacer kt-block-spacer-halign-center\">\n<hr class=\"kt-divider\"><\/div>\n<\/div>\n<h1>Premium keyfiyy\u0259tli keramik kir\u0259mitl\u0259r<\/h1>\n<h3 id=\"what-is-ceramic-tile\" class=\"kt-adv-heading_10c74c-72 wp-block-kadence-advancedheading\" data-kb-block=\"kb-adv-heading_10c74c-72\"><a href=\"#what-is-ceramic-tile\">Keramik Tile n\u0259dir?<\/a><\/h3>\n<p>Keramik kir\u0259mitl\u0259r gil, qum v\u0259 dig\u0259r t\u0259bii materiallardan ibar\u0259t olan davaml\u0131 v\u0259 \u00e7ox y\u00f6nl\u00fc d\u00f6\u015f\u0259m\u0259 variant\u0131 n\u00f6v\u00fcd\u00fcr. Bu qar\u0131\u015f\u0131qlar kir\u015f\u0259 n\u00f6v\u00fcnd\u0259n as\u0131l\u0131 olaraq 1000\u00b0C-d\u0259n 1250\u00b0C-y\u0259 q\u0259d\u0259r y\u00fcks\u0259k temperaturda \u0259ridilir v\u0259 sonra at\u0259\u015f\u0259 tutulur. Pesina Ltd.-d\u0259 biz ya\u015fay\u0131\u015f v\u0259 kommersiya \u015f\u0259raitind\u0259 istifad\u0259 \u00fc\u00e7\u00fcn m\u00fck\u0259mm\u0259l olan geni\u015f \u00e7e\u015fidli premium keramik kir\u0259mitl\u0259r t\u0259klif etm\u0259k \u00fc\u00e7\u00fcn ixtisasla\u015f\u0131r\u0131q.<\/p>\n<p>Keramik plitl\u0259r \u0259n q\u0259dim insan m\u0259hsullar\u0131ndan biridir v\u0259 min ill\u0259r \u0259rzind\u0259 istifad\u0259 olunur. Onlar yaln\u0131z d\u00f6\u015f\u0259m\u0259 kimi deyil, h\u0259m d\u0259 m\u0259tb\u0259x l\u0259vazimatlar\u0131, hamam elementl\u0259ri, k\u0259rpic tipli materiallar v\u0259 daha \u00e7ox istifad\u0259 olunur. Keramik kir\u0259mitl\u0259rimiz m\u00fcxt\u0259lif \u00fcslublarda, r\u0259ngl\u0259rd\u0259 v\u0259 \u00f6l\u00e7\u00fcl\u0259rd\u0259 g\u0259lir. Bu sizin layih\u0259niz \u00fc\u00e7\u00fcn m\u00fck\u0259mm\u0259l uy\u011fun tapmaq \u00fc\u00e7\u00fcn asand\u0131r.<\/p>\n<p>Keramik kir\u0259mitl\u0259rin \u0259n \u0259h\u0259miyy\u0259tli \u00fcst\u00fcnl\u00fckl\u0259rind\u0259n biri onlar\u0131n davaml\u0131l\u0131\u011f\u0131d\u0131r. Onlar h\u0259tta su v\u0259 ya \u0259ks\u0259r kimy\u0259vi madd\u0259l\u0259rl\u0259 t\u0259masda bel\u0259, \u0259rimir v\u0259 d\u0259yi\u015fmirl\u0259r. Bundan \u0259lav\u0259, onlar\u0131n s\u0259rtliyi v\u0259 mexaniki m\u00fcqavim\u0259ti onlar\u0131 nisb\u0259t\u0259n a\u011f\u0131r y\u00fckl\u0259r\u0259 tab etm\u0259y\u0259 qabil edir. Bununla bel\u0259, qeyd etm\u0259k laz\u0131md\u0131r ki, keramika kir\u0259mitl\u0259ri son n\u0259tic\u0259d\u0259 \u00f6rt\u00fck material\u0131d\u0131r v\u0259 onlar\u0131n t\u0259tbiq olundu\u011fu \u0259sas strukturla yax\u0131n m\u00fcnasib\u0259td\u0259 qiym\u0259tl\u0259ndirilm\u0259sini t\u0259l\u0259b edir.<\/p>\n<p>\u018fg\u0259r siz h\u0259m m\u00fcasir, h\u0259m d\u0259 yenilik\u00e7i olan, eyni zamanda uzun\u00f6m\u00fcrl\u00fc v\u0259 asan qorunma\u011fa haz\u0131r olan d\u00f6\u015f\u0259m\u0259 se\u00e7imi axtar\u0131rs\u0131n\u0131zsa, bizim premium keramik kir\u0259mitl\u0259rimiz m\u00fck\u0259mm\u0259l se\u00e7imdir. M\u0259hsullar\u0131m\u0131z v\u0259 xidm\u0259tl\u0259rimiz haqq\u0131nda \u0259trafl\u0131 m\u0259lumat \u0259ld\u0259 etm\u0259k \u00fc\u00e7\u00fcn bu g\u00fcn <a href=\"https:\/\/www.pesina.com.tr\/az\/elaqe\/\" data-type=\"page\" data-id=\"2664\">biziml\u0259 \u0259laq\u0259 saxlay\u0131n<\/a> .<\/p>\n<h3 class=\"kt-adv-heading_d1fd3d-4c wp-block-kadence-advancedheading\" data-kb-block=\"kb-adv-heading_d1fd3d-4c\"> <\/h3>\n<\/div>\n<\/div>\n<div class=\"wp-block-kadence-column kadence-column_a4e035-1f inner-column-1\">\n<div class=\"kt-inside-inner-col\">\n<div class=\"wp-block-kadence-spacer aligncenter kt-block-spacer-_431de3-3a\">\n<div class=\"kt-block-spacer kt-block-spacer-halign-center\">\n<hr class=\"kt-divider\"><\/div>\n<\/div>\n<\/div>\n<\/div>\n<div class=\"wp-block-buttons\">\n<div id=\"Ceramic_catalog\" class=\"wp-block-button\"><a class=\"wp-block-button__link wp-element-button\" href=\"https:\/\/www.pesina.com.tr\/wp-content\/uploads\/2023\/05\/Pesina_PorcelainTiles2023.pdf\" target=\"_blank\" rel=\"noreferrer noopener\">Kataloq Y\u00fckl\u0259<\/a><\/div>\n<\/div>\n<div class=\"wp-block-kadence-column kadence-column_88bc85-b5 inner-column-1\">\n<div class=\"kt-inside-inner-col\">\n<h3 class=\"kt-adv-heading_d96337-3c wp-block-kadence-advancedheading\" data-kb-block=\"kb-adv-heading_d96337-3c\">Keyfiyy\u0259t \u00fc\u00e7\u00fcn dayanmaq; \u0130talyan Keramik plitl\u0259ri v\u0259 T\u00fcrk Keramik Plitl\u0259ri<\/h3>\n<p>Pesina Ltd.-d\u0259 biz hesab edirik ki, keramika kir\u0259mitl\u0259ri sad\u0259c\u0259 funksional d\u00f6\u015f\u0259m\u0259 variant\u0131ndan daha \u00e7oxdur; \u00fcslubunuzun v\u0259 z\u00f6vq\u00fcn\u00fcn \u0259ksidir. M\u0259hz buna g\u00f6r\u0259 d\u0259 h\u0259m estetik c\u0259h\u0259td\u0259n xo\u015fag\u0259l\u0259n, h\u0259m d\u0259 davaml\u0131 italyan v\u0259 t\u00fcrk keramik kir\u0259mitl\u0259rinin geni\u015f se\u00e7imini t\u0259klif etm\u0259kd\u0259n q\u00fcrur duyuruq.<\/p>\n<p>\u0130talyan Keramik plitl\u0259ri g\u00f6z\u0259lliyi v\u0259 z\u0259rifliyi il\u0259 m\u0259\u015fhurdur. Onlar \u00f6z\u00fcn\u0259m\u0259xsus dizaynlar\u0131 v\u0259 m\u00fcr\u0259kk\u0259b formalar\u0131 il\u0259 ist\u0259nil\u0259n m\u0259kan\u0131 inc\u0259s\u0259n\u0259t \u0259s\u0259rin\u0259 \u00e7evir\u0259 bil\u0259rl\u0259r. Eyni zamanda, onlar da olduqca davaml\u0131d\u0131rlar, a\u011f\u0131r n\u0259qliyyata, a\u015f\u0131nma v\u0259 y\u0131rt\u0131qlara tab g\u00f6st\u0259rm\u0259y\u0259 qadirdirl\u0259r.<\/p>\n<p>Bu arada T\u00fcrkiy\u0259d\u0259n g\u0259l\u0259n Keramik Kir\u0259mitl\u0259r d\u0259 eyni d\u0259r\u0259c\u0259d\u0259 t\u0259sirlidirl\u0259r, t\u0259bii materiallar\u0131 v\u0259 m\u00fcst\u0259sna keyfiyy\u0259ti il\u0259. T\u00fcrkiy\u0259 z\u0259ngin xammal m\u0259nb\u0259yi il\u0259 bol-boldur. \u0130stilik m\u00fcalic\u0259sind\u0259n sonra y\u00fcks\u0259k keyfiyy\u0259tli kir\u0259mitl\u0259r haz\u0131rlamaq \u00fc\u00e7\u00fcn m\u00fck\u0259mm\u0259l balansl\u0131d\u0131r. Daha \u00e7ox insan \u00f6z keyfiyy\u0259ti v\u0259 davaml\u0131l\u0131\u011f\u0131 bar\u0259d\u0259 m\u0259lumat \u0259ld\u0259 etdikc\u0259, T\u00fcrkiy\u0259 Keramik Kir\u0259mitl\u0259rin\u0259 olan t\u0259l\u0259bat artm\u0131\u015f v\u0259 bu da istehsal qur\u011fu\u015fun vaxtlar\u0131n\u0131n daha uzun olmas\u0131na g\u0259tirib \u00e7\u0131xard\u0131r.<\/p>\n<p>Pesina Ltd.-d\u0259 \u0259n keyfiyy\u0259tli T\u00fcrk keramik plitleri m\u00fc\u015ft\u0259ril\u0259rimiz\u0259 \u00e7atd\u0131rmaqda q\u0259rarl\u0131y\u0131q. \u0130st\u0259r \u015f\u0131k, davaml\u0131, ist\u0259rs\u0259 d\u0259 h\u0259r ikisi \u00fc\u00e7\u00fcn n\u0259z\u0259rd\u0259 tutulmu\u015f kir\u0259mitl\u0259r axtar\u0131rs\u0131n\u0131z. Bizim geni\u015f se\u00e7imimizd\u0259 h\u0259r z\u00f6vq v\u0259 b\u00fcdc\u0259 \u00fc\u00e7\u00fcn bir \u015fey var. M\u0259hsullar\u0131m\u0131z v\u0259 xidm\u0259tl\u0259rimiz haqq\u0131nda \u0259trafl\u0131 m\u0259lumat almaq \u00fc\u00e7\u00fcn bu g\u00fcn biziml\u0259 \u0259laq\u0259 saxlay\u0131n<\/p>\n<\/div>\n<\/div>\n<div class=\"wp-block-kadence-column kadence-column_b487be-41 inner-column-2\">\n<div class=\"kt-inside-inner-col\">\n<div class=\"wp-block-kadence-infobox kt-info-box_1b9aa8-89\">\n<div class=\"kt-infobox-textcontent\">\n<h3 class=\"kt-blocks-info-box-title\">Keramik Plitler<\/h3>\n<p class=\"kt-blocks-info-box-text\">Keramik d\u00f6\u015f\u0259m\u0259 \u00f6l\u00e7\u00fcl\u0259ri 30&#215;60, 48&#215;48 v\u0259 30x80sm 60x120sm v\u0259 120x180sm aras\u0131nda d\u0259yi\u015fir .<\/p>\n<\/div>\n<\/div>\n<div class=\"wp-block-kadence-infobox kt-info-box_89cfc6-37\">\n<div class=\"kt-infobox-textcontent\">\n<h3 class=\"kt-blocks-info-box-title\">Kafeller<\/h3>\n<p class=\"kt-blocks-info-box-text\">Keramik kir\u0259mitl\u0259r divar\u0131n\u0131n \u00f6l\u00e7\u00fcl\u0259ri 30&#215;60, 50&#215;50 v\u0259 30x80sm<\/p>\n<\/div>\n<\/div>\n<div class=\"wp-block-kadence-infobox kt-info-box_731086-2e\">\n<div class=\"kt-infobox-textcontent\">\n<h4 class=\"kt-blocks-info-box-title\">Taxta G\u00f6r\u00fcn\u00fc\u015f Keramik Kafeller<\/h4>\n<p class=\"kt-blocks-info-box-text\">Keramik taxta g\u00f6r\u00fcn\u00fc\u015f plitleri v\u0259 ya ba\u015fqa s\u00f6zl\u0259, taxtaya b\u0259nz\u0259y\u0259n keramik tilsml\u0259r, ya\u015f\u0131l h\u0259yat\u0131 qorumaqla davaml\u0131l\u0131q, istifad\u0259 qabiliyy\u0259ti v\u0259 h\u0259m\u00e7inin daha ekonomik h\u0259ll g\u00fccl\u00fc x\u00fcsusiyy\u0259tl\u0259ri il\u0259 odun g\u00f6z\u0259lliyini ist\u0259y\u0259nl\u0259r \u00e7ox geni\u015f yay\u0131lm\u0131\u015fd\u0131r.<\/p>\n<\/div>\n<\/div>\n<\/div>\n<\/div>\n\t\t\t\t\t\t\t\t<\/div>\n\t\t\t\t<\/div>\n\t\t\t\t<div class=\"elementor-element elementor-element-437d9e9 elementor-button-success elementor-widget elementor-widget-button\" data-id=\"437d9e9\" data-element_type=\"widget\" data-e-type=\"widget\" data-widget_type=\"button.default\">\n\t\t\t\t<div class=\"elementor-widget-container\">\n\t\t\t\t\t\t\t\t\t<div class=\"elementor-button-wrapper\">\n\t\t\t\t\t<a class=\"elementor-button elementor-button-link elementor-size-md\" href=\"https:\/\/www.pesina.com.tr\/wp-content\/uploads\/2024\/02\/Pesina_PorcelainTiles2023.pdf.pdf\">\n\t\t\t\t\t\t<span class=\"elementor-button-content-wrapper\">\n\t\t\t\t\t\t\t\t\t<span class=\"elementor-button-text\">Por\u015fen kir\u0259mitl\u0259rini yoxlamaq \u00fc\u00e7\u00fcn buraya bas\u0131n<\/span>\n\t\t\t\t\t<\/span>\n\t\t\t\t\t<\/a>\n\t\t\t\t<\/div>\n\t\t\t\t\t\t\t\t<\/div>\n\t\t\t\t<\/div>\n\t\t\t\t<section class=\"elementor-section elementor-inner-section elementor-element elementor-element-ce2a801 elementor-section-boxed elementor-section-height-default elementor-section-height-default\" data-id=\"ce2a801\" data-element_type=\"section\" data-e-type=\"section\">\n\t\t\t\t\t\t<div class=\"elementor-container elementor-column-gap-default\">\n\t\t\t\t\t<div class=\"elementor-column elementor-col-50 elementor-inner-column elementor-element elementor-element-29b15b0\" data-id=\"29b15b0\" data-element_type=\"column\" data-e-type=\"column\">\n\t\t\t<div class=\"elementor-widget-wrap elementor-element-populated\">\n\t\t\t\t\t\t<div class=\"elementor-element elementor-element-bcbc303 elementor-widget elementor-widget-image\" data-id=\"bcbc303\" data-element_type=\"widget\" data-e-type=\"widget\" data-widget_type=\"image.default\">\n\t\t\t\t<div class=\"elementor-widget-container\">\n\t\t\t\t\t\t\t\t\t\t\t\t\t\t\t<img alt=\"\" fetchpriority=\"high\" decoding=\"async\" width=\"1024\" height=\"449\" src=\"https:\/\/cdn.pesina.com.tr\/wp-content\/uploads\/2021\/12\/ceramic_tiles_asya_floor-1024x449.webp\" class=\"attachment-large size-large wp-image-5400\" alt=\"\" srcset=\"https:\/\/cdn.pesina.com.tr\/wp-content\/uploads\/2021\/12\/ceramic_tiles_asya_floor-1024x449.webp 1024w, https:\/\/cdn.pesina.com.tr\/wp-content\/uploads\/2021\/12\/ceramic_tiles_asya_floor-300x132.webp 300w, https:\/\/cdn.pesina.com.tr\/wp-content\/uploads\/2021\/12\/ceramic_tiles_asya_floor-768x337.webp 768w, https:\/\/cdn.pesina.com.tr\/wp-content\/uploads\/2021\/12\/ceramic_tiles_asya_floor.webp 1140w\" sizes=\"(max-width: 1024px) 100vw, 1024px\" \/>\t\t\t\t\t\t\t\t\t\t\t\t\t\t\t<\/div>\n\t\t\t\t<\/div>\n\t\t\t\t\t<\/div>\n\t\t<\/div>\n\t\t\t\t<div class=\"elementor-column elementor-col-50 elementor-inner-column elementor-element elementor-element-58f9e8f\" data-id=\"58f9e8f\" data-element_type=\"column\" data-e-type=\"column\">\n\t\t\t<div class=\"elementor-widget-wrap elementor-element-populated\">\n\t\t\t\t\t\t<div class=\"elementor-element elementor-element-1ed45ec elementor-widget elementor-widget-image\" data-id=\"1ed45ec\" data-element_type=\"widget\" data-e-type=\"widget\" data-widget_type=\"image.default\">\n\t\t\t\t<div class=\"elementor-widget-container\">\n\t\t\t\t\t\t\t\t\t\t\t\t\t\t\t<img alt=\"\" decoding=\"async\" width=\"1024\" height=\"449\" src=\"https:\/\/cdn.pesina.com.tr\/wp-content\/uploads\/2021\/12\/ceramic_tiles_wall_living_room-1024x449.webp\" class=\"attachment-large size-large wp-image-5401\" alt=\"\" srcset=\"https:\/\/cdn.pesina.com.tr\/wp-content\/uploads\/2021\/12\/ceramic_tiles_wall_living_room-1024x449.webp 1024w, https:\/\/cdn.pesina.com.tr\/wp-content\/uploads\/2021\/12\/ceramic_tiles_wall_living_room-300x132.webp 300w, https:\/\/cdn.pesina.com.tr\/wp-content\/uploads\/2021\/12\/ceramic_tiles_wall_living_room-768x337.webp 768w, https:\/\/cdn.pesina.com.tr\/wp-content\/uploads\/2021\/12\/ceramic_tiles_wall_living_room.webp 1140w\" sizes=\"(max-width: 1024px) 100vw, 1024px\" \/>\t\t\t\t\t\t\t\t\t\t\t\t\t\t\t<\/div>\n\t\t\t\t<\/div>\n\t\t\t\t\t<\/div>\n\t\t<\/div>\n\t\t\t\t\t<\/div>\n\t\t<\/section>\n\t\t\t\t\t<\/div>\n\t\t<\/div>\n\t\t\t\t\t<\/div>\n\t\t<\/section>\n\t\t\t\t<\/div>\n\t\t","protected":false},"excerpt":{"rendered":"<p>Siz\u0259 \u0259n \u00e7ox yara\u015fan kafell\u0259r Vaxts\u0131z g\u00f6z\u0259llikl\u0259ri v\u0259 davaml\u0131l\u0131\u011f\u0131 il\u0259 ist\u0259nil\u0259n yeri ucaltmaq \u00fc\u00e7\u00fcn n\u0259z\u0259rd\u0259 tutulmu\u015f, evl\u0259rin dizayn\u0131na uy\u011fun bir \u015f\u0259kild\u0259 se\u00e7ildikd\u0259 x\u00fcsusi g\u00f6z\u0259llik b\u0259x\u015f eden kolleksiyam\u0131za xo\u015f g\u0259lmisiniz. Keramik plitl\u0259r v\u0259 keramoqranitl\u0259r \u0259n g\u00f6z\u0259l materiallardan haz\u0131rlanm\u0131\u015f v\u0259 sizin x\u00fcsusi ehtiyaclar\u0131n\u0131z\u0131 qar\u015f\u0131lamaq \u00fc\u00e7\u00fcn m\u00fcxt\u0259lif \u00fcslublarda, \u00f6l\u00e7\u00fcl\u0259rd\u0259 v\u0259 r\u0259ngl\u0259rd\u0259 m\u00f6vcuddur. Bizim keramik kir\u0259mitl\u0259rimiz y\u00fcks\u0259k n\u0259qliyyat sah\u0259l\u0259ri&#8230;<\/p>\n","protected":false},"author":1,"featured_media":5402,"parent":0,"menu_order":0,"comment_status":"closed","ping_status":"closed","template":"","meta":{"_seopress_robots_primary_cat":"","_seopress_titles_title":"%%post_title%% %%sep%% T\u00fcrkiy\u0259d\u0259n Keramik plitl\u0259r","_seopress_titles_desc":"Zamans\u0131z g\u00f6z\u0259lliyi v\u0259 davaml\u0131l\u0131\u011f\u0131 il\u0259 ist\u0259nil\u0259n yeri ucaltmaq \u00fc\u00e7\u00fcn n\u0259z\u0259rd\u0259 tutulmu\u015f T\u00fcrkiy\u0259d\u0259n olan premium keramik kir\u0259mit kolleksiyam\u0131za xo\u015f g\u0259lmisiniz. \u0130ndi is\u0259 b\u00fct\u00fcn d\u00fcnyaya g\u0259mi il\u0259 \u00e7at\u0131r\u0131q.","_seopress_robots_index":"","_kad_post_transparent":"default","_kad_post_title":"default","_kad_post_layout":"default","_kad_post_sidebar_id":"","_kad_post_content_style":"default","_kad_post_vertical_padding":"default","_kad_post_feature":"","_kad_post_feature_position":"","_kad_post_header":false,"_kad_post_footer":false,"_kad_post_classname":"","footnotes":""},"class_list":["post-5448","page","type-page","status-publish","has-post-thumbnail","hentry"],"_links":{"self":[{"href":"https:\/\/www.pesina.com.tr\/az\/wp-json\/wp\/v2\/pages\/5448","targetHints":{"allow":["GET"]}}],"collection":[{"href":"https:\/\/www.pesina.com.tr\/az\/wp-json\/wp\/v2\/pages"}],"about":[{"href":"https:\/\/www.pesina.com.tr\/az\/wp-json\/wp\/v2\/types\/page"}],"author":[{"embeddable":true,"href":"https:\/\/www.pesina.com.tr\/az\/wp-json\/wp\/v2\/users\/1"}],"replies":[{"embeddable":true,"href":"https:\/\/www.pesina.com.tr\/az\/wp-json\/wp\/v2\/comments?post=5448"}],"version-history":[{"count":0,"href":"https:\/\/www.pesina.com.tr\/az\/wp-json\/wp\/v2\/pages\/5448\/revisions"}],"wp:featuredmedia":[{"embeddable":true,"href":"https:\/\/www.pesina.com.tr\/az\/wp-json\/wp\/v2\/media\/5402"}],"wp:attachment":[{"href":"https:\/\/www.pesina.com.tr\/az\/wp-json\/wp\/v2\/media?parent=5448"}],"curies":[{"name":"wp","href":"https:\/\/api.w.org\/{rel}","templated":true}]}}