{"id":10170,"date":"2025-09-23T08:46:13","date_gmt":"2025-09-23T08:46:13","guid":{"rendered":"https:\/\/www.pesina.com.tr\/rfq-modal\/"},"modified":"2025-09-23T08:52:01","modified_gmt":"2025-09-23T08:52:01","slug":"rfq-modal","status":"publish","type":"page","link":"https:\/\/www.pesina.com.tr\/az\/rfq-modal\/","title":{"rendered":"RFQ Modal"},"content":{"rendered":"\t\t<div data-elementor-type=\"wp-page\" data-elementor-id=\"10170\" class=\"elementor elementor-10170 elementor-9145\">\n\t\t\t\t\t\t<section class=\"elementor-section elementor-top-section elementor-element elementor-element-8d4acdc elementor-section-boxed elementor-section-height-default elementor-section-height-default\" data-id=\"8d4acdc\" data-element_type=\"section\" data-e-type=\"section\">\n\t\t\t\t\t\t<div class=\"elementor-container elementor-column-gap-default\">\n\t\t\t\t\t<div class=\"elementor-column elementor-col-100 elementor-top-column elementor-element elementor-element-b1b0318\" data-id=\"b1b0318\" data-element_type=\"column\" data-e-type=\"column\">\n\t\t\t<div class=\"elementor-widget-wrap elementor-element-populated\">\n\t\t\t\t\t\t<div class=\"elementor-element elementor-element-1761516 elementor-widget elementor-widget-text-editor\" data-id=\"1761516\" data-element_type=\"widget\" data-e-type=\"widget\" data-widget_type=\"text-editor.default\">\n\t\t\t\t<div class=\"elementor-widget-container\">\n\t\t\t\t\t\t\t\t\t<p>Sor\u011fu \u00fc\u00e7\u00fcn t\u0259\u015f\u0259kk\u00fcr edir\u0259m.<\/p><p>Yax\u0131n vaxtlarda sizinl\u0259 \u0259laq\u0259 saxlayaca\u011f\u0131q. \u018flav\u0259 \u015f\u0259rh \u0259lav\u0259 etm\u0259li oldu\u011funuzu d\u00fc\u015f\u00fcn\u00fcrs\u00fcn\u00fczs\u0259, z\u0259hm\u0259t olmasa biziml\u0259 \u0259laq\u0259 saxlay\u0131n <\/p><p><a href=\"https:\/\/wa.me\/902169697399\">WhatsApp<\/a> v\u0259 ya E-po\u00e7t <a href=\"mailto:pesina@pesina.com.tr\">pesina@pesina.com.tr<\/a> istifad\u0259 edin<\/p>\t\t\t\t\t\t\t\t<\/div>\n\t\t\t\t<\/div>\n\t\t\t\t\t<\/div>\n\t\t<\/div>\n\t\t\t\t\t<\/div>\n\t\t<\/section>\n\t\t\t\t<\/div>\n\t\t","protected":false},"excerpt":{"rendered":"<p>Sor\u011fu \u00fc\u00e7\u00fcn t\u0259\u015f\u0259kk\u00fcr edir\u0259m. Yax\u0131n vaxtlarda sizinl\u0259 \u0259laq\u0259 saxlayaca\u011f\u0131q. \u018flav\u0259 \u015f\u0259rh \u0259lav\u0259 etm\u0259li oldu\u011funuzu d\u00fc\u015f\u00fcn\u00fcrs\u00fcn\u00fczs\u0259, z\u0259hm\u0259t olmasa biziml\u0259 \u0259laq\u0259 saxlay\u0131n WhatsApp v\u0259 ya E-po\u00e7t pesina@pesina.com.tr istifad\u0259 edin<\/p>\n","protected":false},"author":1,"featured_media":0,"parent":0,"menu_order":0,"comment_status":"closed","ping_status":"closed","template":"","meta":{"_seopress_robots_primary_cat":"","_seopress_titles_title":"","_seopress_titles_desc":"","_seopress_robots_index":"","_kad_post_transparent":"","_kad_post_title":"","_kad_post_layout":"","_kad_post_sidebar_id":"","_kad_post_content_style":"","_kad_post_vertical_padding":"","_kad_post_feature":"","_kad_post_feature_position":"","_kad_post_header":false,"_kad_post_footer":false,"_kad_post_classname":"","footnotes":""},"class_list":["post-10170","page","type-page","status-publish","hentry"],"_links":{"self":[{"href":"https:\/\/www.pesina.com.tr\/az\/wp-json\/wp\/v2\/pages\/10170","targetHints":{"allow":["GET"]}}],"collection":[{"href":"https:\/\/www.pesina.com.tr\/az\/wp-json\/wp\/v2\/pages"}],"about":[{"href":"https:\/\/www.pesina.com.tr\/az\/wp-json\/wp\/v2\/types\/page"}],"author":[{"embeddable":true,"href":"https:\/\/www.pesina.com.tr\/az\/wp-json\/wp\/v2\/users\/1"}],"replies":[{"embeddable":true,"href":"https:\/\/www.pesina.com.tr\/az\/wp-json\/wp\/v2\/comments?post=10170"}],"version-history":[{"count":3,"href":"https:\/\/www.pesina.com.tr\/az\/wp-json\/wp\/v2\/pages\/10170\/revisions"}],"predecessor-version":[{"id":10179,"href":"https:\/\/www.pesina.com.tr\/az\/wp-json\/wp\/v2\/pages\/10170\/revisions\/10179"}],"wp:attachment":[{"href":"https:\/\/www.pesina.com.tr\/az\/wp-json\/wp\/v2\/media?parent=10170"}],"curies":[{"name":"wp","href":"https:\/\/api.w.org\/{rel}","templated":true}]}}